{"id":3,"date":"2020-09-17T08:50:01","date_gmt":"2020-09-17T06:50:01","guid":{"rendered":"https:\/\/dupraz-snow.com\/?page_id=3"},"modified":"2021-09-07T09:43:36","modified_gmt":"2021-09-07T07:43:36","slug":"cookies","status":"publish","type":"page","link":"https:\/\/dupraz-snow.com\/en\/cookies\/","title":{"rendered":"Privacy Policy"},"content":{"rendered":"<!--themify_builder_content-->\n<div id=\"themify_builder_content-3\" data-postid=\"3\" class=\"themify_builder_content themify_builder_content-3 themify_builder tf_clear\">\n                    <div  data-css_id=\"5v4v149\" data-lazy=\"1\" class=\"module_row themify_builder_row fullwidth tb_5v4v149 tb_first tf_w\">\n                        <div class=\"row_inner col_align_top tb_col_count_1 tf_box tf_rel\">\n                        <div  data-lazy=\"1\" class=\"module_column tb-column col-full tb_nfw7150 first\">\n                    <!-- module image -->\n<div  class=\"module module-image tb_tv17224 image-top   tf_mw\" data-lazy=\"1\">\n        <div class=\"image-wrap tf_rel tf_mw\">\n            <img loading=\"lazy\" decoding=\"async\" width=\"2000\" height=\"1103\" src=\"https:\/\/dupraz-snow.com\/wp-content\/uploads\/2020\/11\/splitboard-japan-dupraz-1.jpg\" class=\"wp-post-image wp-image-2159\" title=\"splitboard-japan-dupraz-1\" alt=\"splitboard-japan-dupraz-1\" srcset=\"https:\/\/dupraz-snow.com\/wp-content\/uploads\/2020\/11\/splitboard-japan-dupraz-1.jpg 2000w, https:\/\/dupraz-snow.com\/wp-content\/uploads\/2020\/11\/splitboard-japan-dupraz-1-300x165.jpg 300w, https:\/\/dupraz-snow.com\/wp-content\/uploads\/2020\/11\/splitboard-japan-dupraz-1-600x331.jpg 600w, https:\/\/dupraz-snow.com\/wp-content\/uploads\/2020\/11\/splitboard-japan-dupraz-1-1024x565.jpg 1024w, https:\/\/dupraz-snow.com\/wp-content\/uploads\/2020\/11\/splitboard-japan-dupraz-1-768x424.jpg 768w, https:\/\/dupraz-snow.com\/wp-content\/uploads\/2020\/11\/splitboard-japan-dupraz-1-1536x847.jpg 1536w\" sizes=\"auto, (max-width: 2000px) 100vw, 2000px\" \/>    \n        <\/div>\n    <!-- \/image-wrap -->\n    \n        <\/div>\n<!-- \/module image -->        <\/div>\n                        <\/div>\n        <\/div>\n                        <div  data-css_id=\"mati753\" data-lazy=\"1\" class=\"module_row themify_builder_row fullwidth_row_container tb_mati753 tf_w\">\n                        <div class=\"row_inner col_align_top tb_col_count_1 tf_box tf_rel\">\n                        <div  data-lazy=\"1\" class=\"module_column tb-column col-full tb_1iei753 first\">\n                    <!-- module text -->\n<div  class=\"module module-text tb_0y3i754\" data-lazy=\"1\">\n        <div  class=\"tb_text_wrap\">\n        <h1>About our cookie policy<\/h1><div><p>La pr\u00e9sente Politique relative aux cookies explique ce que sont les cookies et comment nous les utilisons. Vous devriez lire cette politique pour comprendre ce que sont les cookies, comment nous les utilisons, les types de cookies que nous utilisons, c&#8217;est-\u00e0-dire les informations que nous recueillons \u00e0 l&#8217;aide des cookies et comment ces informations sont utilis\u00e9es et comment contr\u00f4ler les pr\u00e9f\u00e9rences des cookies.<\/p><p>Vous pouvez \u00e0 tout moment modifier ou retirer votre consentement \u00e0 la d\u00e9claration sur les cookies sur notre site Web.<\/p><p>Pour en savoir plus sur qui nous sommes, comment vous pouvez nous contacter et comment nous traitons les donn\u00e9es personnelles, consultez notre Politique de confidentialit\u00e9.<\/p><p>Votre consentement s&#8217;applique aux domaines suivants : www.dupraz-snow.com<br \/><div class=\"cli_user_consent_state\">Your current state: No consent given. <a class=\"cli_manage_current_consent\" style=\"cursor:pointer;text-decoration:underline;\">Manage your consent.<\/a> <\/div><\/p><\/div><h2>\u00a0<\/h2><h3>D\u00e9finition d&#8217;un cookie<\/h3><div><p>Les cookies sont de petits fichiers texte qui sont utilis\u00e9s pour stocker de petits \u00e9l\u00e9ments d&#8217;information. Les cookies sont stock\u00e9s sur votre appareil lorsque le site Web est charg\u00e9 sur votre navigateur. Ces t\u00e9moins nous aident \u00e0 faire fonctionner le site Web correctement, \u00e0 le rendre plus s\u00e9curitaire, \u00e0 offrir une meilleure exp\u00e9rience aux utilisateurs, \u00e0 comprendre le fonctionnement du site Web et \u00e0 analyser ce qui fonctionne et ce qui doit \u00eatre am\u00e9lior\u00e9.<\/p><\/div><h2>\u00a0<\/h2><h3>How do we use cookies?<\/h3><div><p>Comme la plupart des services en ligne, notre site Web utilise des cookies de premi\u00e8re partie et des cookies de tiers \u00e0 plusieurs fins. Les cookies de premi\u00e8re partie sont principalement n\u00e9cessaires pour le bon fonctionnement du site Web et ne recueillent aucune donn\u00e9e permettant de vous identifier personnellement.<\/p><p>Les cookies de tiers utilis\u00e9s sur nos sites Web servent principalement \u00e0 comprendre le fonctionnement du site Web, la fa\u00e7on dont vous interagissez avec notre site Web, \u00e0 assurer la s\u00e9curit\u00e9 de nos services, \u00e0 fournir des publicit\u00e9s pertinentes pour vous et, dans l&#8217;ensemble, \u00e0 vous offrir une exp\u00e9rience utilisateur meilleure et am\u00e9lior\u00e9e et \u00e0 acc\u00e9l\u00e9rer vos interactions futures avec notre site Web.<\/p><\/div><h2>\u00a0<\/h2><h3>What types of cookies do we use?<\/h3><div><p><strong>Essential:\u00a0<\/strong>certains cookies sont essentiels pour que vous puissiez profiter de toutes les fonctionnalit\u00e9s de notre site. Ils nous permettent de maintenir les sessions d&#8217;utilisateurs et de pr\u00e9venir toute menace \u00e0 la s\u00e9curit\u00e9. Ils ne recueillent ni ne stockent aucun renseignement personnel. Par exemple, ces cookies vous permettent de vous connecter \u00e0 votre compte et d&#8217;ajouter des produits \u00e0 votre panier et de passer \u00e0 la caisse en toute s\u00e9curit\u00e9.<\/p><p><strong>Statistics :\u00a0<\/strong>ces cookies stockent des informations telles que le nombre de visiteurs du site Web, le nombre de visiteurs uniques, les pages du site Web qui ont \u00e9t\u00e9 visit\u00e9es, la source de la visite, etc. Ces donn\u00e9es nous aident \u00e0 comprendre et \u00e0 analyser la performance du site Web et les points \u00e0 am\u00e9liorer.<\/p><p><strong>Functional :\u00a0<\/strong>ce sont les cookies qui aident \u00e0 certaines fonctionnalit\u00e9s non essentielles de notre site Web. Ces fonctionnalit\u00e9s comprennent l&#8217;int\u00e9gration de contenus comme des vid\u00e9os ou le partage de contenus sur le site Web sur des plateformes de m\u00e9dias sociaux.<\/p><p><strong>Pr\u00e9f\u00e9rences :\u00a0<\/strong>ces cookies nous aident \u00e0 enregistrer vos param\u00e8tres et vos pr\u00e9f\u00e9rences de navigation, comme la langue, afin que vous puissiez profiter d&#8217;une exp\u00e9rience plus efficace lors de vos prochaines visites sur le site.<\/p><\/div><h2>\u00a0<\/h2><h3>\u00a0<\/h3><h3>Comment puis-je contr\u00f4ler les pr\u00e9f\u00e9rences des cookies ?<\/h3><div><p>Si vous d\u00e9cidez de modifier vos pr\u00e9f\u00e9rences plus tard au cours de votre session de navigation, vous pouvez cliquer sur l&#8217;onglet &#8220;Politique de confidentialit\u00e9 et de cookies&#8221; sur votre \u00e9cran. L&#8217;avis de consentement s&#8217;affichera \u00e0 nouveau, vous permettant de modifier vos pr\u00e9f\u00e9rences ou de retirer enti\u00e8rement votre consentement.<\/p><p>En outre, diff\u00e9rents navigateurs offrent diff\u00e9rentes m\u00e9thodes pour bloquer et supprimer les cookies utilis\u00e9s par les sites Web. Vous pouvez modifier les param\u00e8tres de votre navigateur pour bloquer\/supprimer les cookies. Pour en savoir plus sur la fa\u00e7on de g\u00e9rer et de supprimer les cookies, visitez wikipedia.org.<\/p><\/div>    <\/div>\n<\/div>\n<!-- \/module text -->        <\/div>\n                        <\/div>\n        <\/div>\n        <\/div>\n<!--\/themify_builder_content-->","protected":false},"excerpt":{"rendered":"<p>A propos de notre politique de cookies La pr\u00e9sente Politique relative aux cookies explique ce que sont les cookies et comment nous les utilisons. Vous devriez lire cette politique pour comprendre ce que sont les cookies, comment nous les utilisons, les types de cookies que nous utilisons, c&#8217;est-\u00e0-dire les informations que nous recueillons \u00e0 l&#8217;aide [&hellip;]<\/p>\n","protected":false},"author":1,"featured_media":0,"parent":0,"menu_order":0,"comment_status":"closed","ping_status":"closed","template":"","meta":{"_monsterinsights_skip_tracking":false,"_monsterinsights_sitenote_active":false,"_monsterinsights_sitenote_note":"","_monsterinsights_sitenote_category":0,"footnotes":""},"class_list":["post-3","page","type-page","status-publish","hentry","has-post-title","has-post-date","has-post-category","has-post-tag","has-post-comment","has-post-author",""],"builder_content":"<img src=\"https:\/\/dupraz-snow.com\/wp-content\/uploads\/2020\/11\/splitboard-japan-dupraz-1.jpg\" title=\"splitboard-japan-dupraz-1\" alt=\"splitboard-japan-dupraz-1\" srcset=\"https:\/\/dupraz-snow.com\/wp-content\/uploads\/2020\/11\/splitboard-japan-dupraz-1.jpg 2000w, https:\/\/dupraz-snow.com\/wp-content\/uploads\/2020\/11\/splitboard-japan-dupraz-1-300x165.jpg 300w, https:\/\/dupraz-snow.com\/wp-content\/uploads\/2020\/11\/splitboard-japan-dupraz-1-600x331.jpg 600w, https:\/\/dupraz-snow.com\/wp-content\/uploads\/2020\/11\/splitboard-japan-dupraz-1-1024x565.jpg 1024w, https:\/\/dupraz-snow.com\/wp-content\/uploads\/2020\/11\/splitboard-japan-dupraz-1-768x424.jpg 768w, https:\/\/dupraz-snow.com\/wp-content\/uploads\/2020\/11\/splitboard-japan-dupraz-1-1536x847.jpg 1536w\" sizes=\"(max-width: 2000px) 100vw, 2000px\" \/>\n<h1>A propos de notre politique de cookies<\/h1><p>La pr\u00e9sente Politique relative aux cookies explique ce que sont les cookies et comment nous les utilisons. Vous devriez lire cette politique pour comprendre ce que sont les cookies, comment nous les utilisons, les types de cookies que nous utilisons, c'est-\u00e0-dire les informations que nous recueillons \u00e0 l'aide des cookies et comment ces informations sont utilis\u00e9es et comment contr\u00f4ler les pr\u00e9f\u00e9rences des cookies.<\/p><p>Vous pouvez \u00e0 tout moment modifier ou retirer votre consentement \u00e0 la d\u00e9claration sur les cookies sur notre site Web.<\/p><p>Pour en savoir plus sur qui nous sommes, comment vous pouvez nous contacter et comment nous traitons les donn\u00e9es personnelles, consultez notre Politique de confidentialit\u00e9.<\/p><p>Votre consentement s'applique aux domaines suivants : www.dupraz-snow.com<br \/>[user_consent_state]<\/p><h2>\u00a0<\/h2><h3>D\u00e9finition d'un cookie<\/h3><p>Les cookies sont de petits fichiers texte qui sont utilis\u00e9s pour stocker de petits \u00e9l\u00e9ments d'information. Les cookies sont stock\u00e9s sur votre appareil lorsque le site Web est charg\u00e9 sur votre navigateur. Ces t\u00e9moins nous aident \u00e0 faire fonctionner le site Web correctement, \u00e0 le rendre plus s\u00e9curitaire, \u00e0 offrir une meilleure exp\u00e9rience aux utilisateurs, \u00e0 comprendre le fonctionnement du site Web et \u00e0 analyser ce qui fonctionne et ce qui doit \u00eatre am\u00e9lior\u00e9.<\/p><h2>\u00a0<\/h2><h3>Comment utilisons-nous les cookies ?<\/h3><p>Comme la plupart des services en ligne, notre site Web utilise des cookies de premi\u00e8re partie et des cookies de tiers \u00e0 plusieurs fins. Les cookies de premi\u00e8re partie sont principalement n\u00e9cessaires pour le bon fonctionnement du site Web et ne recueillent aucune donn\u00e9e permettant de vous identifier personnellement.<\/p><p>Les cookies de tiers utilis\u00e9s sur nos sites Web servent principalement \u00e0 comprendre le fonctionnement du site Web, la fa\u00e7on dont vous interagissez avec notre site Web, \u00e0 assurer la s\u00e9curit\u00e9 de nos services, \u00e0 fournir des publicit\u00e9s pertinentes pour vous et, dans l'ensemble, \u00e0 vous offrir une exp\u00e9rience utilisateur meilleure et am\u00e9lior\u00e9e et \u00e0 acc\u00e9l\u00e9rer vos interactions futures avec notre site Web.<\/p><h2>\u00a0<\/h2><h3>Quels types de cookies utilisons-nous ?<\/h3><p><strong>Essentiel :\u00a0<\/strong>certains cookies sont essentiels pour que vous puissiez profiter de toutes les fonctionnalit\u00e9s de notre site. Ils nous permettent de maintenir les sessions d'utilisateurs et de pr\u00e9venir toute menace \u00e0 la s\u00e9curit\u00e9. Ils ne recueillent ni ne stockent aucun renseignement personnel. Par exemple, ces cookies vous permettent de vous connecter \u00e0 votre compte et d'ajouter des produits \u00e0 votre panier et de passer \u00e0 la caisse en toute s\u00e9curit\u00e9.<\/p><p><strong>Statistiques :\u00a0<\/strong>ces cookies stockent des informations telles que le nombre de visiteurs du site Web, le nombre de visiteurs uniques, les pages du site Web qui ont \u00e9t\u00e9 visit\u00e9es, la source de la visite, etc. Ces donn\u00e9es nous aident \u00e0 comprendre et \u00e0 analyser la performance du site Web et les points \u00e0 am\u00e9liorer.<\/p><p><strong>Fonctionnel :\u00a0<\/strong>ce sont les cookies qui aident \u00e0 certaines fonctionnalit\u00e9s non essentielles de notre site Web. Ces fonctionnalit\u00e9s comprennent l'int\u00e9gration de contenus comme des vid\u00e9os ou le partage de contenus sur le site Web sur des plateformes de m\u00e9dias sociaux.<\/p><p><strong>Pr\u00e9f\u00e9rences :\u00a0<\/strong>ces cookies nous aident \u00e0 enregistrer vos param\u00e8tres et vos pr\u00e9f\u00e9rences de navigation, comme la langue, afin que vous puissiez profiter d'une exp\u00e9rience plus efficace lors de vos prochaines visites sur le site.<\/p><p>[cookie_audit columns=\"cookie,description\" heading=\"La liste ci-dessous d\u00e9taille les cookies utilis\u00e9s sur notre site Web.\"]<\/p><h2>\u00a0<\/h2><h3>\u00a0<\/h3><h3>Comment puis-je contr\u00f4ler les pr\u00e9f\u00e9rences des cookies ?<\/h3><p>Si vous d\u00e9cidez de modifier vos pr\u00e9f\u00e9rences plus tard au cours de votre session de navigation, vous pouvez cliquer sur l'onglet \"Politique de confidentialit\u00e9 et de cookies\" sur votre \u00e9cran. L'avis de consentement s'affichera \u00e0 nouveau, vous permettant de modifier vos pr\u00e9f\u00e9rences ou de retirer enti\u00e8rement votre consentement.<\/p><p>En outre, diff\u00e9rents navigateurs offrent diff\u00e9rentes m\u00e9thodes pour bloquer et supprimer les cookies utilis\u00e9s par les sites Web. Vous pouvez modifier les param\u00e8tres de votre navigateur pour bloquer\/supprimer les cookies. Pour en savoir plus sur la fa\u00e7on de g\u00e9rer et de supprimer les cookies, visitez wikipedia.org.<\/p>","_links":{"self":[{"href":"https:\/\/dupraz-snow.com\/en\/wp-json\/wp\/v2\/pages\/3","targetHints":{"allow":["GET"]}}],"collection":[{"href":"https:\/\/dupraz-snow.com\/en\/wp-json\/wp\/v2\/pages"}],"about":[{"href":"https:\/\/dupraz-snow.com\/en\/wp-json\/wp\/v2\/types\/page"}],"author":[{"embeddable":true,"href":"https:\/\/dupraz-snow.com\/en\/wp-json\/wp\/v2\/users\/1"}],"replies":[{"embeddable":true,"href":"https:\/\/dupraz-snow.com\/en\/wp-json\/wp\/v2\/comments?post=3"}],"version-history":[{"count":4,"href":"https:\/\/dupraz-snow.com\/en\/wp-json\/wp\/v2\/pages\/3\/revisions"}],"predecessor-version":[{"id":5166,"href":"https:\/\/dupraz-snow.com\/en\/wp-json\/wp\/v2\/pages\/3\/revisions\/5166"}],"wp:attachment":[{"href":"https:\/\/dupraz-snow.com\/en\/wp-json\/wp\/v2\/media?parent=3"}],"curies":[{"name":"wp","href":"https:\/\/api.w.org\/{rel}","templated":true}]}}