{"id":2960,"date":"2020-11-30T11:09:45","date_gmt":"2020-11-30T10:09:45","guid":{"rendered":"https:\/\/dupraz-snow.com\/?page_id=2960"},"modified":"2020-12-05T06:29:55","modified_gmt":"2020-12-05T05:29:55","slug":"serge-dupraz","status":"publish","type":"page","link":"https:\/\/dupraz-snow.com\/en\/serge-dupraz\/","title":{"rendered":"Serge Dupraz"},"content":{"rendered":"<!--themify_builder_content-->\n<div id=\"themify_builder_content-2960\" data-postid=\"2960\" class=\"themify_builder_content themify_builder_content-2960 themify_builder tf_clear\">\n                    <div  data-css_id=\"g0xh486\" data-lazy=\"1\" class=\"module_row themify_builder_row fullwidth tb_g0xh486 tb_first tf_w\">\n                        <div class=\"row_inner gutter-narrow col_align_top tb_col_count_2 tf_box tf_rel\">\n                        <div  data-lazy=\"1\" class=\"module_column tb-column col3-1 tb_oau9487 first\">\n                    <!-- module image -->\n<div  class=\"module module-image tb_2huh614 image-center   auto_fullwidth tf_mw wow\" data-tf-animation=\"fadeInLeft\" data-tf-animation_delay=\"0.2\" data-lazy=\"1\">\n        <div class=\"image-wrap tf_rel tf_mw\">\n            <img loading=\"lazy\" decoding=\"async\" width=\"1704\" height=\"2560\" src=\"https:\/\/dupraz-snow.com\/wp-content\/uploads\/2020\/11\/Serge-dupraz-shaper-1-scaled.jpg\" class=\"wp-post-image wp-image-2968\" title=\"Serge-dupraz-shaper-1\" alt=\"Serge-dupraz-shaper-1\" srcset=\"https:\/\/dupraz-snow.com\/wp-content\/uploads\/2020\/11\/Serge-dupraz-shaper-1-scaled.jpg 1704w, https:\/\/dupraz-snow.com\/wp-content\/uploads\/2020\/11\/Serge-dupraz-shaper-1-scaled-300x451.jpg 300w, https:\/\/dupraz-snow.com\/wp-content\/uploads\/2020\/11\/Serge-dupraz-shaper-1-scaled-600x901.jpg 600w, https:\/\/dupraz-snow.com\/wp-content\/uploads\/2020\/11\/Serge-dupraz-shaper-1-200x300.jpg 200w, https:\/\/dupraz-snow.com\/wp-content\/uploads\/2020\/11\/Serge-dupraz-shaper-1-682x1024.jpg 682w, https:\/\/dupraz-snow.com\/wp-content\/uploads\/2020\/11\/Serge-dupraz-shaper-1-768x1154.jpg 768w, https:\/\/dupraz-snow.com\/wp-content\/uploads\/2020\/11\/Serge-dupraz-shaper-1-1022x1536.jpg 1022w, https:\/\/dupraz-snow.com\/wp-content\/uploads\/2020\/11\/Serge-dupraz-shaper-1-1363x2048.jpg 1363w\" sizes=\"auto, (max-width: 1704px) 100vw, 1704px\" \/>    \n        <\/div>\n    <!-- \/image-wrap -->\n    \n        <\/div>\n<!-- \/module image -->        <\/div>\n                    <div  data-lazy=\"1\" class=\"module_column tb-column col3-2 tb_gixk448 last\">\n                    <!-- module text -->\n<div  class=\"module module-text tb_ujnn67    wow\" data-tf-animation=\"fadeInUp\" data-lazy=\"1\">\n        <div  class=\"tb_text_wrap\">\n        <h1>Serge Dupraz, shaper dans l&#8217;\u00e2me<\/h1>\n<h5>Un savoir-faire affirm\u00e9<br \/>Shaper r\u00e9f\u00e9rent<\/h5>\n<div class=\"\">Shaper depuis toujours, sur l\u2019eau liquide avant d\u2019\u00eatre solide\u2026<\/div>\n<div class=\"\">J\u2019ai d\u00e9di\u00e9 jusqu\u2019ici mon temps \u00e0 imaginer, d\u00e9velopper, concevoir et diffuser une production de snowboards sans \u00e9quivalent.<\/div>\n<div class=\"\">\n<p>Tous plus performants dans leurs parties les uns que les autres, certains ont fait leur temps,\u00a0mais la majeure partie est, et reste aujourd\u2019hui des r\u00e9f\u00e9rences dans leurs programmes.<\/p>\n<\/div>\n<div class=\"\">D\u00e9but 80, en m\u2019ouvrant la montagne,\u00a0j\u2019ai suivi la trace de Dimitrije Milovich (fondateur de Winterstick), trouvant l\u00e0, une expression qui faisait \u00e9cho en moi.<\/div>\n<div class=\"\">\n<p>Apr\u00e8s un premier mod\u00e8le (Expert) fabriqu\u00e9 \u00e0 la main et \u201cinspir\u00e9\u201d par son approche,\u00a0j\u2019ai fais ma part du travail en inspirant \u00e0 mon tour nombre de shapers et de riders\u00a0avec les iconiques Expert, One sixty, Revolution ou encore Logical.<\/p>\n<\/div>\n<div class=\"\">Nombre de marques cr\u00e9ent des mod\u00e8les et des gammes chaque ann\u00e9e,<\/div>\n<div class=\"\">ma vision elle m\u2019a pouss\u00e9e vers un autre chemin : cr\u00e9er le shape ultime, le mod\u00e8le\u00a0qui par sa forme et son programme saura vous mener de la piste \u00e0 la poudre,\u00a0dans un sentiment de libert\u00e9 et de bonheur sans limite.<\/div>\n<div class=\"\">\u00a0<\/div>\n<h5>#pioneerinaction<\/h5>\n<h5>#theshapeoffreedom<\/h5>\n<h5>#nocompromise<\/h5>    <\/div>\n<\/div>\n<!-- \/module text -->        <\/div>\n                        <\/div>\n        <\/div>\n                        <div  data-css_id=\"ui85372\" data-lazy=\"1\" class=\"module_row themify_builder_row fullwidth tb_ui85372 tf_w wow\" data-tf-animation=\"fadeInUp\" data-tf-animation_delay=\"0.4\">\n                        <div class=\"row_inner gutter-narrow col_align_top tb_col_count_3 tf_box tf_rel\">\n                        <div  data-lazy=\"1\" class=\"module_column tb-column col3-1 tb_8brm373 first\">\n                    <!-- module image -->\n<div  class=\"module module-image tb_n4en713 image-center   auto_fullwidth tf_mw\" data-lazy=\"1\">\n        <div class=\"image-wrap tf_rel tf_mw\">\n            <img loading=\"lazy\" decoding=\"async\" width=\"1024\" height=\"692\" src=\"https:\/\/dupraz-snow.com\/wp-content\/uploads\/2020\/11\/serge-dupraz-chamonix-1.jpg\" class=\"wp-post-image wp-image-2970\" title=\"2016 - Aiguille du Midi - Chamonix - France\" alt=\"2016 - Aiguille du Midi - Chamonix - France\" srcset=\"https:\/\/dupraz-snow.com\/wp-content\/uploads\/2020\/11\/serge-dupraz-chamonix-1.jpg 1024w, https:\/\/dupraz-snow.com\/wp-content\/uploads\/2020\/11\/serge-dupraz-chamonix-1-300x203.jpg 300w, https:\/\/dupraz-snow.com\/wp-content\/uploads\/2020\/11\/serge-dupraz-chamonix-1-600x405.jpg 600w, https:\/\/dupraz-snow.com\/wp-content\/uploads\/2020\/11\/serge-dupraz-chamonix-1-768x519.jpg 768w\" sizes=\"auto, (max-width: 1024px) 100vw, 1024px\" \/>    \n        <\/div>\n    <!-- \/image-wrap -->\n    \n        <div class=\"image-content\">\n                    <h3 class=\"image-title\">\n                                    2016 - Aiguille du Midi - Chamonix - France                            <\/h3>\n                    <\/div>\n    <!-- \/image-content -->\n        <\/div>\n<!-- \/module image -->        <\/div>\n                    <div  data-lazy=\"1\" class=\"module_column tb-column col3-1 tb_23h0375\">\n                    <!-- module image -->\n<div  class=\"module module-image tb_9x8i247 image-center   auto_fullwidth tf_mw\" data-lazy=\"1\">\n        <div class=\"image-wrap tf_rel tf_mw\">\n            <img loading=\"lazy\" decoding=\"async\" width=\"1024\" height=\"692\" src=\"https:\/\/dupraz-snow.com\/wp-content\/uploads\/2020\/11\/serge-dupraz-chamonix-old-school-1.jpg\" class=\"wp-post-image wp-image-2969\" title=\"1987 - Les Grand Montets - Chamonix - France\" alt=\"1987 - Les Grand Montets - Chamonix - France\" srcset=\"https:\/\/dupraz-snow.com\/wp-content\/uploads\/2020\/11\/serge-dupraz-chamonix-old-school-1.jpg 1024w, https:\/\/dupraz-snow.com\/wp-content\/uploads\/2020\/11\/serge-dupraz-chamonix-old-school-1-300x203.jpg 300w, https:\/\/dupraz-snow.com\/wp-content\/uploads\/2020\/11\/serge-dupraz-chamonix-old-school-1-600x405.jpg 600w, https:\/\/dupraz-snow.com\/wp-content\/uploads\/2020\/11\/serge-dupraz-chamonix-old-school-1-768x519.jpg 768w\" sizes=\"auto, (max-width: 1024px) 100vw, 1024px\" \/>    \n        <\/div>\n    <!-- \/image-wrap -->\n    \n        <div class=\"image-content\">\n                    <h3 class=\"image-title\">\n                                    1987 - Les Grand Montets - Chamonix - France                            <\/h3>\n                    <\/div>\n    <!-- \/image-content -->\n        <\/div>\n<!-- \/module image -->        <\/div>\n                    <div  data-lazy=\"1\" class=\"module_column tb-column col3-1 tb_nmme983 last\">\n                    <!-- module image -->\n<div  class=\"module module-image tb_m7h526 image-center   auto_fullwidth tf_mw\" data-lazy=\"1\">\n        <div class=\"image-wrap tf_rel tf_mw\">\n            <img loading=\"lazy\" decoding=\"async\" width=\"1024\" height=\"692\" src=\"https:\/\/dupraz-snow.com\/wp-content\/uploads\/2020\/11\/serge-dupraz-old-school-2.jpg\" class=\"wp-post-image wp-image-2973\" title=\"1983 - Ch\u00e2tel - France\" alt=\"1983 - Ch\u00e2tel - France\" srcset=\"https:\/\/dupraz-snow.com\/wp-content\/uploads\/2020\/11\/serge-dupraz-old-school-2.jpg 1024w, https:\/\/dupraz-snow.com\/wp-content\/uploads\/2020\/11\/serge-dupraz-old-school-2-300x203.jpg 300w, https:\/\/dupraz-snow.com\/wp-content\/uploads\/2020\/11\/serge-dupraz-old-school-2-600x405.jpg 600w, https:\/\/dupraz-snow.com\/wp-content\/uploads\/2020\/11\/serge-dupraz-old-school-2-768x519.jpg 768w\" sizes=\"auto, (max-width: 1024px) 100vw, 1024px\" \/>    \n        <\/div>\n    <!-- \/image-wrap -->\n    \n        <div class=\"image-content\">\n                    <h3 class=\"image-title\">\n                                    1983 - Ch\u00e2tel - France                            <\/h3>\n                    <\/div>\n    <!-- \/image-content -->\n        <\/div>\n<!-- \/module image -->        <\/div>\n                        <\/div>\n        <\/div>\n                        <div  data-css_id=\"t8zg809\" data-lazy=\"1\" class=\"module_row themify_builder_row fullwidth tb_t8zg809 tf_w\">\n                        <div class=\"row_inner col_align_top tb_col_count_1 tf_box tf_rel\">\n                        <div  data-lazy=\"1\" class=\"module_column tb-column col-full tb_npmx809 first\">\n                    <!-- module template_part -->\n<div  class=\"module module-layout-part tb_77ru809 \">\n    <div class=\"tb_layout_part_wrap tf_w\"><!--themify_builder_content-->\n    <div  class=\"themify_builder_content themify_builder_content-41 themify_builder not_editable_builder in_the_loop\" data-postid=\"41\">\n                        <div  data-css_id=\"50o8751\" data-lazy=\"1\" class=\"module_row themify_builder_row fullwidth tb_50o8751 tf_w\">\n                        <div class=\"row_inner col_align_middle gutter-narrow tb_col_count_5 tf_box tf_rel\">\n                        <div  data-lazy=\"1\" class=\"module_column tb-column col5-1 tb_17aa751 first\">\n                    <!-- module image -->\n<div  class=\"module module-image tb_94lx160 image-center   tf_mw\" data-lazy=\"1\">\n        <div class=\"image-wrap tf_rel tf_mw\">\n            <a href=\"https:\/\/dupraz-snow.com\">\n                   <img loading=\"lazy\" decoding=\"async\" src=\"https:\/\/dupraz-snow.com\/wp-content\/uploads\/2020\/09\/dupraz-snow-logo-black-1024x251-200x49.png\" width=\"200\" height=\"49\" class=\"wp-post-image wp-image-32\" title=\"dupraz-snow-logo-black\" alt=\"Logo Dupraz Snow\" srcset=\"https:\/\/dupraz-snow.com\/wp-content\/uploads\/2020\/09\/dupraz-snow-logo-black-1024x251-200x49.png 200w, https:\/\/dupraz-snow.com\/wp-content\/uploads\/2020\/09\/dupraz-snow-logo-black-300x74.png 300w, https:\/\/dupraz-snow.com\/wp-content\/uploads\/2020\/09\/dupraz-snow-logo-black-600x147.png 600w, https:\/\/dupraz-snow.com\/wp-content\/uploads\/2020\/09\/dupraz-snow-logo-black-1024x251.png 1024w, https:\/\/dupraz-snow.com\/wp-content\/uploads\/2020\/09\/dupraz-snow-logo-black-768x188.png 768w, https:\/\/dupraz-snow.com\/wp-content\/uploads\/2020\/09\/dupraz-snow-logo-black-1024x251-150x36.png 150w, https:\/\/dupraz-snow.com\/wp-content\/uploads\/2020\/09\/dupraz-snow-logo-black.png 1040w\" sizes=\"auto, (max-width: 200px) 100vw, 200px\" \/>        <\/a>\n    \n        <\/div>\n    <!-- \/image-wrap -->\n    \n        <\/div>\n<!-- \/module image --><!-- module text -->\n<div  class=\"module module-text tb_g3ey454   \" data-lazy=\"1\">\n        <div  class=\"tb_text_wrap\">\n        <p style=\"text-align: center;\">250 Route des B\u00e8gues<br>74250 Fillinges<br>France<\/p>    <\/div>\n<\/div>\n<!-- \/module text -->        <\/div>\n                    <div  data-lazy=\"1\" class=\"module_column tb-column col5-1 tb_wqko217\">\n                    <!-- module icon -->\n<div  class=\"module module-icon tb_t7bk51    icon_horizontal tf_textc\" data-lazy=\"1\">\n\t\t\t<div class=\"module-icon-item\">\n\t\t\t\t\t\t\t<a href=\"tel:+334%2050%2071%2074%2075\u202c\">\n\t\t\t\t\t\t\t\t\t\t\t\t\t\t\t\t\t<em class=\"tf_boxblue\"\n\t\t\t\t\t\t\t\t\t\t\t\t\t\t\t\t\t><svg  class=\"tf_fa tf-fas-mobile-alt\" xmlns:xlink=\"http:\/\/www.w3.org\/1999\/xlink\" aria-hidden=\"true\"><use href=\"#tf-fas-mobile-alt\" xlink:href=\"#tf-fas-mobile-alt\"><\/use><\/svg><\/em>\n\t\t\t\t\t\t\t\t\t\t\t\t\t\t\t\t<\/a>\n\t\t\t\t\t<\/div>\n\t<\/div>\n<!-- \/module icon -->\n<!-- module text -->\n<div  class=\"module module-text tb_175q986   \" data-lazy=\"1\">\n        <div  class=\"tb_text_wrap\">\n        <p style=\"text-align: center;\"><a href=\"tel:+334 50 71 74 75\u202c\">+33 (0)4 50 71 74 75<\/a><\/p>    <\/div>\n<\/div>\n<!-- \/module text -->        <\/div>\n                    <div  data-lazy=\"1\" class=\"module_column tb-column col5-1 tb_ysz4217\">\n                    <!-- module icon -->\n<div  class=\"module module-icon tb_kw4p867    icon_horizontal \" data-lazy=\"1\">\n\t\t\t<div class=\"module-icon-item\">\n\t\t\t\t\t\t\t<a href=\"https:\/\/www.facebook.com\/duprazsnowboards\" rel=\"noopener\" target=\"_blank\">\n\t\t\t\t\t\t\t\t\t\t\t\t\t\t\t\t\t<em class=\"tf_box\"\n\t\t\t\t\t\t\t\t\t\t\t\t\t\t\t\t\t><svg  class=\"tf_fa tf-ti-facebook\" xmlns:xlink=\"http:\/\/www.w3.org\/1999\/xlink\" aria-hidden=\"true\"><use href=\"#tf-ti-facebook\" xlink:href=\"#tf-ti-facebook\"><\/use><\/svg><\/em>\n\t\t\t\t\t\t\t\t\t\t\t\t\t\t\t\t<\/a>\n\t\t\t\t\t<\/div>\n\t\t\t<div class=\"module-icon-item\">\n\t\t\t\t\t\t\t<a href=\"https:\/\/www.instagram.com\/dupraz_snow\/\" rel=\"noopener\" target=\"_blank\">\n\t\t\t\t\t\t\t\t\t\t\t\t\t\t\t\t\t<em class=\"tf_box\"\n\t\t\t\t\t\t\t\t\t\t\t\t\t\t\t\t\t><svg  class=\"tf_fa tf-ti-instagram\" xmlns:xlink=\"http:\/\/www.w3.org\/1999\/xlink\" aria-hidden=\"true\"><use href=\"#tf-ti-instagram\" xlink:href=\"#tf-ti-instagram\"><\/use><\/svg><\/em>\n\t\t\t\t\t\t\t\t\t\t\t\t\t\t\t\t<\/a>\n\t\t\t\t\t<\/div>\n\t\t\t<div class=\"module-icon-item\">\n\t\t\t\t\t\t\t<a href=\"https:\/\/www.youtube.com\/@DuprazSnowboards\/videos\" target=\"_blank\" rel=\"noopener\">\n\t\t\t\t\t\t\t\t\t\t\t\t\t\t\t\t\t<em class=\"tf_box\"\n\t\t\t\t\t\t\t\t\t\t\t\t\t\t\t\t\t><svg  class=\"tf_fa tf-ti-youtube\" xmlns:xlink=\"http:\/\/www.w3.org\/1999\/xlink\" aria-hidden=\"true\"><use href=\"#tf-ti-youtube\" xlink:href=\"#tf-ti-youtube\"><\/use><\/svg><\/em>\n\t\t\t\t\t\t\t\t\t\t\t\t\t\t\t\t<\/a>\n\t\t\t\t\t<\/div>\n\t<\/div>\n<!-- \/module icon -->\n<!-- module text -->\n<div  class=\"module module-text tb_ns7i531   \" data-lazy=\"1\">\n        <div  class=\"tb_text_wrap\">\n        <p style=\"text-align: center;\">Suivez nous sur les r\u00e9seaux sociaux<\/p>    <\/div>\n<\/div>\n<!-- \/module text -->        <\/div>\n                    <div  data-lazy=\"1\" class=\"module_column tb-column col5-1 tb_zk62353\">\n                    <!-- module menu -->\n<div  class=\"module module-menu tb_5elq616  mobile-menu-slide\" data-menu-style=\"mobile-menu-slide\" data-menu-breakpoint=\"0\" data-element-id=\"tb_5elq616\" data-lazy=\"1\">\n        \n    <div class=\"module-menu-container\"><ul id=\"menu-menu-footer-1\" class=\"ui tf_clearfix nav tf_rel tf_scrollbar vertical transparent\"><li id=\"menu-item-1379\" class=\"menu-item-page-118 menu-item menu-item-type-post_type menu-item-object-page menu-item-1379\"><a href=\"https:\/\/dupraz-snow.com\/en\/contact\/\">Contact<\/a><\/li>\n<li id=\"menu-item-3210\" class=\"menu-item-page-1182 menu-item menu-item-type-post_type menu-item-object-page menu-item-3210\"><a href=\"https:\/\/dupraz-snow.com\/en\/snowboard-product-chooser\/\">Choix snowboards<\/a><\/li>\n<li id=\"menu-item-1398\" class=\"menu-item-page-1034 menu-item menu-item-type-post_type menu-item-object-page menu-item-1398\"><a href=\"https:\/\/dupraz-snow.com\/en\/mountain-workers\/\">Mountain Workers<\/a><\/li>\n<\/ul><\/div>        <style>\n            .mobile-menu-module[data-module=\"tb_5elq616\"]{\n                right:-300px            }\n        <\/style>\n    <\/div>\n<!-- \/module menu -->\n        <\/div>\n                    <div  data-lazy=\"1\" class=\"module_column tb-column col5-1 tb_drfq45 last\">\n                    <!-- module menu -->\n<div  class=\"module module-menu tb_yduh754  mobile-menu-slide\" data-menu-style=\"mobile-menu-slide\" data-menu-breakpoint=\"0\" data-element-id=\"tb_yduh754\" data-lazy=\"1\">\n        \n    <div class=\"module-menu-container\"><ul id=\"menu-menu-footer-2\" class=\"ui tf_clearfix nav tf_rel tf_scrollbar vertical transparent\"><li id=\"menu-item-1391\" class=\"menu-item-page-11 menu-item menu-item-type-post_type menu-item-object-page menu-item-1391\"><a href=\"https:\/\/dupraz-snow.com\/en\/mon-compte\/\">Mon compte<\/a><\/li>\n<li id=\"menu-item-1404\" class=\"menu-item-page-1393 menu-item menu-item-type-post_type menu-item-object-page menu-item-1404\"><a href=\"https:\/\/dupraz-snow.com\/en\/mentions-legales\/\">Mentions l\u00e9gales<\/a><\/li>\n<li id=\"menu-item-1390\" class=\"menu-item-page-1388 menu-item menu-item-type-post_type menu-item-object-page menu-item-1390\"><a href=\"https:\/\/dupraz-snow.com\/en\/conditions-generales-de-vente\/\">C.G.V.<\/a><\/li>\n<li id=\"menu-item-1441\" class=\"menu-item-page-1435 menu-item menu-item-type-post_type menu-item-object-page menu-item-1441\"><a href=\"https:\/\/dupraz-snow.com\/en\/livraison-retours\/\">Livraison et retours<\/a><\/li>\n<li id=\"menu-item-2119\" class=\"menu-item-page-3 menu-item menu-item-type-post_type menu-item-object-page menu-item-privacy-policy menu-item-2119\"><a rel=\"privacy-policy\" href=\"https:\/\/dupraz-snow.com\/en\/cookies\/\">Confidentialit\u00e9<\/a><\/li>\n<\/ul><\/div>        <style>\n            .mobile-menu-module[data-module=\"tb_yduh754\"]{\n                right:-300px            }\n        <\/style>\n    <\/div>\n<!-- \/module menu -->\n        <\/div>\n                        <\/div>\n        <\/div>\n                        <div  data-css_id=\"na8l953\" data-lazy=\"1\" class=\"module_row themify_builder_row fullwidth tb_na8l953 tf_w\">\n                        <div class=\"row_inner col_align_top tb_col_count_1 tf_box tf_rel\">\n                        <div  data-lazy=\"1\" class=\"module_column tb-column col-full tb_2lm1953 first\">\n                    <!-- module text -->\n<div  class=\"module module-text tb_5t06953    hide-mobile\" data-lazy=\"1\">\n        <div  class=\"tb_text_wrap\">\n        <p style=\"text-align: center;\">Copyright<strong> \u00a9 2024 Dupraz Snow<\/strong>\u00a0 &#8211; Tous droits r\u00e9serv\u00e9s &#8211; Site s\u00e9curis\u00e9 protocole SSL &#8211; Paiement par carte bancaire s\u00e9curis\u00e9.<br>Webdesign : <a href=\"https:\/\/www.ddm3.com\/#home\" target=\"_blank\" rel=\"noopener\">DDM3<\/a> &#8211; Hosting : <a href=\"https:\/\/crackerstech.com\" target=\"_blank\" rel=\"noopener\">Cracker&#8217;s Tech<\/a>.<\/p>    <\/div>\n<\/div>\n<!-- \/module text --><!-- module text -->\n<div  class=\"module module-text tb_1ryj406    hide-desktop hide-tablet hide-tablet_landscape\" data-lazy=\"1\">\n        <div  class=\"tb_text_wrap\">\n        <p style=\"text-align: center;\">Copyright \u00a9 <strong>2024 Dupraz Snow<\/strong>\u00a0 &#8211; Tous droits r\u00e9serv\u00e9s &#8211; Site s\u00e9curis\u00e9 protocole SSL &#8211; Paiement par carte bancaire s\u00e9curis\u00e9.<br>Webdesign : <a href=\"https:\/\/www.ddm3.com\/#home\" target=\"_blank\" rel=\"noopener\">DDM3<\/a> &#8211; Hosting : <a href=\"https:\/\/crackerstech.com\" target=\"_blank\" rel=\"noopener\">Cracker&#8217;s Tech<\/a>.<\/p>    <\/div>\n<\/div>\n<!-- \/module text -->        <\/div>\n                        <\/div>\n        <\/div>\n                        <div  data-css_id=\"u66f97\" data-lazy=\"1\" class=\"module_row themify_builder_row fullwidth tb_u66f97 tf_w\">\n                        <div class=\"row_inner col_align_top tb_col_count_1 tf_box tf_rel\">\n                        <div  data-lazy=\"1\" class=\"module_column tb-column col-full tb_v86v97 first\">\n                    <!-- module text -->\n<div  class=\"module module-text tb_4vba199   \" data-lazy=\"1\">\n        <div  class=\"tb_text_wrap\">\n        <p style=\"text-align: center;\">&#8220;Enjoy the ride&#8221;<br \/><br \/><img loading=\"lazy\" decoding=\"async\" class=\"alignnone wp-image-1411\" src=\"https:\/\/dupraz-snow.com\/wp-content\/uploads\/2020\/10\/signature-serge-dupraz-white-small-1.png\" alt=\"Dupraz Snowboard\" width=\"215\" height=\"34\"><\/p>    <\/div>\n<\/div>\n<!-- \/module text -->        <\/div>\n                        <\/div>\n        <\/div>\n            <\/div>\n<!--\/themify_builder_content--><\/div>\n<\/div>\n<!-- \/module template_part -->        <\/div>\n                        <\/div>\n        <\/div>\n        <\/div>\n<!--\/themify_builder_content-->","protected":false},"excerpt":{"rendered":"<p>Serge Dupraz, shaper dans l&#8217;\u00e2me Un savoir-faire affirm\u00e9Shaper r\u00e9f\u00e9rent Shaper depuis toujours, sur l\u2019eau liquide avant d\u2019\u00eatre solide\u2026 J\u2019ai d\u00e9di\u00e9 jusqu\u2019ici mon temps \u00e0 imaginer, d\u00e9velopper, concevoir et diffuser une production de snowboards sans \u00e9quivalent. Tous plus performants dans leurs parties les uns que les autres, certains ont fait leur temps,\u00a0mais la majeure partie est, [&hellip;]<\/p>\n","protected":false},"author":1,"featured_media":0,"parent":0,"menu_order":0,"comment_status":"closed","ping_status":"closed","template":"","meta":{"_monsterinsights_skip_tracking":false,"_monsterinsights_sitenote_active":false,"_monsterinsights_sitenote_note":"","_monsterinsights_sitenote_category":0,"footnotes":""},"class_list":["post-2960","page","type-page","status-publish","hentry","has-post-title","has-post-date","has-post-category","has-post-tag","has-post-comment","has-post-author",""],"builder_content":"<img src=\"https:\/\/dupraz-snow.com\/wp-content\/uploads\/2020\/11\/Serge-dupraz-shaper-1-scaled.jpg\" title=\"Serge-dupraz-shaper-1\" alt=\"Serge-dupraz-shaper-1\" srcset=\"https:\/\/dupraz-snow.com\/wp-content\/uploads\/2020\/11\/Serge-dupraz-shaper-1-scaled.jpg 1704w, https:\/\/dupraz-snow.com\/wp-content\/uploads\/2020\/11\/Serge-dupraz-shaper-1-scaled-300x451.jpg 300w, https:\/\/dupraz-snow.com\/wp-content\/uploads\/2020\/11\/Serge-dupraz-shaper-1-scaled-600x901.jpg 600w, https:\/\/dupraz-snow.com\/wp-content\/uploads\/2020\/11\/Serge-dupraz-shaper-1-200x300.jpg 200w, https:\/\/dupraz-snow.com\/wp-content\/uploads\/2020\/11\/Serge-dupraz-shaper-1-682x1024.jpg 682w, https:\/\/dupraz-snow.com\/wp-content\/uploads\/2020\/11\/Serge-dupraz-shaper-1-768x1154.jpg 768w, https:\/\/dupraz-snow.com\/wp-content\/uploads\/2020\/11\/Serge-dupraz-shaper-1-1022x1536.jpg 1022w, https:\/\/dupraz-snow.com\/wp-content\/uploads\/2020\/11\/Serge-dupraz-shaper-1-1363x2048.jpg 1363w\" sizes=\"(max-width: 1704px) 100vw, 1704px\" \/>\n<h1>Serge Dupraz, shaper dans l'\u00e2me<\/h1> <h5>Un savoir-faire affirm\u00e9<br \/>Shaper r\u00e9f\u00e9rent<\/h5> Shaper depuis toujours, sur l\u2019eau liquide avant d\u2019\u00eatre solide\u2026 J\u2019ai d\u00e9di\u00e9 jusqu\u2019ici mon temps \u00e0 imaginer, d\u00e9velopper, concevoir et diffuser une production de snowboards sans \u00e9quivalent.\n<p>Tous plus performants dans leurs parties les uns que les autres, certains ont fait leur temps,\u00a0mais la majeure partie est, et reste aujourd\u2019hui des r\u00e9f\u00e9rences dans leurs programmes.<\/p>\nD\u00e9but 80, en m\u2019ouvrant la montagne,\u00a0j\u2019ai suivi la trace de Dimitrije Milovich (fondateur de Winterstick), trouvant l\u00e0, une expression qui faisait \u00e9cho en moi.\n<p>Apr\u00e8s un premier mod\u00e8le (Expert) fabriqu\u00e9 \u00e0 la main et \u201cinspir\u00e9\u201d par son approche,\u00a0j\u2019ai fais ma part du travail en inspirant \u00e0 mon tour nombre de shapers et de riders\u00a0avec les iconiques Expert, One sixty, Revolution ou encore Logical.<\/p>\nNombre de marques cr\u00e9ent des mod\u00e8les et des gammes chaque ann\u00e9e, ma vision elle m\u2019a pouss\u00e9e vers un autre chemin : cr\u00e9er le shape ultime, le mod\u00e8le\u00a0qui par sa forme et son programme saura vous mener de la piste \u00e0 la poudre,\u00a0dans un sentiment de libert\u00e9 et de bonheur sans limite. \u00a0 <h5>#pioneerinaction<\/h5> <h5>#theshapeoffreedom<\/h5> <h5>#nocompromise<\/h5>\n<img src=\"https:\/\/dupraz-snow.com\/wp-content\/uploads\/2020\/11\/serge-dupraz-chamonix-1.jpg\" title=\"2016 - Aiguille du Midi - Chamonix - France\" alt=\"2016 - Aiguille du Midi - Chamonix - France\" srcset=\"https:\/\/dupraz-snow.com\/wp-content\/uploads\/2020\/11\/serge-dupraz-chamonix-1.jpg 1024w, https:\/\/dupraz-snow.com\/wp-content\/uploads\/2020\/11\/serge-dupraz-chamonix-1-300x203.jpg 300w, https:\/\/dupraz-snow.com\/wp-content\/uploads\/2020\/11\/serge-dupraz-chamonix-1-600x405.jpg 600w, https:\/\/dupraz-snow.com\/wp-content\/uploads\/2020\/11\/serge-dupraz-chamonix-1-768x519.jpg 768w\" sizes=\"(max-width: 1024px) 100vw, 1024px\" \/> <h3> 2016 - Aiguille du Midi - Chamonix - France <\/h3>\n<img src=\"https:\/\/dupraz-snow.com\/wp-content\/uploads\/2020\/11\/serge-dupraz-chamonix-old-school-1.jpg\" title=\"1987 - Les Grand Montets - Chamonix - France\" alt=\"1987 - Les Grand Montets - Chamonix - France\" srcset=\"https:\/\/dupraz-snow.com\/wp-content\/uploads\/2020\/11\/serge-dupraz-chamonix-old-school-1.jpg 1024w, https:\/\/dupraz-snow.com\/wp-content\/uploads\/2020\/11\/serge-dupraz-chamonix-old-school-1-300x203.jpg 300w, https:\/\/dupraz-snow.com\/wp-content\/uploads\/2020\/11\/serge-dupraz-chamonix-old-school-1-600x405.jpg 600w, https:\/\/dupraz-snow.com\/wp-content\/uploads\/2020\/11\/serge-dupraz-chamonix-old-school-1-768x519.jpg 768w\" sizes=\"(max-width: 1024px) 100vw, 1024px\" \/> <h3> 1987 - Les Grand Montets - Chamonix - France <\/h3>\n<img src=\"https:\/\/dupraz-snow.com\/wp-content\/uploads\/2020\/11\/serge-dupraz-old-school-2.jpg\" title=\"1983 - Ch\u00e2tel - France\" alt=\"1983 - Ch\u00e2tel - France\" srcset=\"https:\/\/dupraz-snow.com\/wp-content\/uploads\/2020\/11\/serge-dupraz-old-school-2.jpg 1024w, https:\/\/dupraz-snow.com\/wp-content\/uploads\/2020\/11\/serge-dupraz-old-school-2-300x203.jpg 300w, https:\/\/dupraz-snow.com\/wp-content\/uploads\/2020\/11\/serge-dupraz-old-school-2-600x405.jpg 600w, https:\/\/dupraz-snow.com\/wp-content\/uploads\/2020\/11\/serge-dupraz-old-school-2-768x519.jpg 768w\" sizes=\"(max-width: 1024px) 100vw, 1024px\" \/> <h3> 1983 - Ch\u00e2tel - France <\/h3>","_links":{"self":[{"href":"https:\/\/dupraz-snow.com\/en\/wp-json\/wp\/v2\/pages\/2960","targetHints":{"allow":["GET"]}}],"collection":[{"href":"https:\/\/dupraz-snow.com\/en\/wp-json\/wp\/v2\/pages"}],"about":[{"href":"https:\/\/dupraz-snow.com\/en\/wp-json\/wp\/v2\/types\/page"}],"author":[{"embeddable":true,"href":"https:\/\/dupraz-snow.com\/en\/wp-json\/wp\/v2\/users\/1"}],"replies":[{"embeddable":true,"href":"https:\/\/dupraz-snow.com\/en\/wp-json\/wp\/v2\/comments?post=2960"}],"version-history":[{"count":0,"href":"https:\/\/dupraz-snow.com\/en\/wp-json\/wp\/v2\/pages\/2960\/revisions"}],"wp:attachment":[{"href":"https:\/\/dupraz-snow.com\/en\/wp-json\/wp\/v2\/media?parent=2960"}],"curies":[{"name":"wp","href":"https:\/\/api.w.org\/{rel}","templated":true}]}}