{"id":118,"date":"2020-09-21T15:42:31","date_gmt":"2020-09-21T13:42:31","guid":{"rendered":"https:\/\/dupraz-snow.com\/?page_id=118"},"modified":"2024-09-26T17:13:22","modified_gmt":"2024-09-26T15:13:22","slug":"contact","status":"publish","type":"page","link":"https:\/\/dupraz-snow.com\/en\/contact\/","title":{"rendered":"Contact"},"content":{"rendered":"<!--themify_builder_content-->\n<div id=\"themify_builder_content-118\" data-postid=\"118\" class=\"themify_builder_content themify_builder_content-118 themify_builder tf_clear\">\n                    <div  data-lazy=\"1\" class=\"module_row themify_builder_row tb_rktd49 tb_first tf_w\">\n                        <div class=\"row_inner col_align_top tb_col_count_1 tf_box tf_rel\">\n                        <div  data-lazy=\"1\" class=\"module_column tb-column col-full tb_eg0e50 first\">\n                    <!-- module text -->\n<div  class=\"module module-text tb_urzy50    wow\" data-tf-animation=\"fadeInDown\" data-lazy=\"1\">\n        <div  class=\"tb_text_wrap\">\n        <h1>Contact<\/h1>    <\/div>\n<\/div>\n<!-- \/module text -->        <div  data-lazy=\"1\" class=\"module_subrow themify_builder_sub_row tf_w col_align_top gutter-none tb_col_count_2 tb_rp4a50\">\n                <div  data-lazy=\"1\" class=\"module_column sub_column tb_897751 first\">\n                    <!-- module text -->\n<div  class=\"module module-text tb_rujx357   \" data-lazy=\"1\">\n        <div  class=\"tb_text_wrap\">\n        <div align=\"left\">\n<p>Vous souhaitez un renseignement sur un produit ? Toute autre information ? N&#8217;h\u00e9sitez pas \u00e0 nous contacter via ce formulaire.<br>Nous r\u00e9pondons vite et de fa\u00e7on personnalis\u00e9e \u00e0 tous vos emails.<\/p>\n<p>Le staff Dupraz Snow<\/p>\n<\/div>\n<div>\u00a0<\/div>\n<div align=\"left\"><strong>Notre adresse postale :<\/strong><\/div>\n<div align=\"left\">Dupraz Sports<\/div>\n<div align=\"left\">250, Route des B\u00e8gues<\/div>\n<div align=\"left\">ZAE des B\u00e8gues<\/div>\n<div align=\"left\">74250 Fillinges<\/div>\n<div align=\"left\">France<\/div>\n<div>\u00a0<\/div>\n<div align=\"left\">\n<p><span class=\"shortcode themify-icon \"><a href=\"tel:+33450717475\" class=\"themify-icon-link\"><i class=\"themify-icon-icon\" style=\"color: #575757;\"><svg  class=\"tf_fa tf-fas-phone\" xmlns:xlink=\"http:\/\/www.w3.org\/1999\/xlink\" aria-hidden=\"true\"><use href=\"#tf-fas-phone\" xlink:href=\"#tf-fas-phone\"><\/use><\/svg><\/i><\/a><\/span>T\u00e9l. +33 (0)4 50 71 74 75<\/p>\n<\/div>\n<div align=\"left\"><strong><span class=\"shortcode themify-icon \"><i class=\"themify-icon-icon\" style=\"color: 575757;\"><svg  class=\"tf_fa tf-ti-time\" xmlns:xlink=\"http:\/\/www.w3.org\/1999\/xlink\" aria-hidden=\"true\"><use href=\"#tf-ti-time\" xlink:href=\"#tf-ti-time\"><\/use><\/svg><\/i><\/span><\/strong>du lundi au vendredi : 9H00 &#8211; 12H00 et 14H00 &#8211; 17H00<\/div>\n<div align=\"left\">\u00a0<\/div>\n<div align=\"left\">\u00a0<\/div>\n<div align=\"left\"><strong>Vous souhaitez un conseil sur un choix de produits ?<br><\/strong><a href=\"https:\/\/dupraz-snow.com\/snowboard-product-chooser\"><strong>Cliquez ici<\/strong><\/a> pour un conseil snowboard.<\/div>    <\/div>\n<\/div>\n<!-- \/module text -->        <\/div>\n                    <div  data-lazy=\"1\" class=\"module_column sub_column tb_7f8h51 last\">\n                    <!-- module plain text -->\n<div  class=\"module module-plain-text tb_ifyb621 \" data-lazy=\"1\">\n        <div class=\"tb_text_wrap\">\n    <div class=\"wpforms-container wpforms-container-full\" id=\"wpforms-7260\"><form id=\"wpforms-form-7260\" class=\"wpforms-validate wpforms-form wpforms-ajax-form\" data-formid=\"7260\" method=\"post\" enctype=\"multipart\/form-data\" action=\"\/en\/wp-json\/wp\/v2\/pages\/118\" data-token=\"53846b9f7e1f3d58a57d79f4870c5e95\" data-token-time=\"1776089814\"><noscript class=\"wpforms-error-noscript\">Please enable JavaScript in your browser to complete this form.<\/noscript><div class=\"wpforms-field-container\"><div id=\"wpforms-7260-field_1-container\" class=\"wpforms-field wpforms-field-name\" data-field-id=\"1\"><label class=\"wpforms-field-label\">Votre pr\u00e9nom et nom de famille <span class=\"wpforms-required-label\">*<\/span><\/label><div class=\"wpforms-field-row wpforms-field-large\"><div class=\"wpforms-field-row-block wpforms-first wpforms-one-half\"><input type=\"text\" id=\"wpforms-7260-field_1\" class=\"wpforms-field-name-first wpforms-field-required\" name=\"wpforms[fields][1][first]\" required><label for=\"wpforms-7260-field_1\" class=\"wpforms-field-sublabel after\">First<\/label><\/div><div class=\"wpforms-field-row-block wpforms-one-half\"><input type=\"text\" id=\"wpforms-7260-field_1-last\" class=\"wpforms-field-name-last wpforms-field-required\" name=\"wpforms[fields][1][last]\" required><label for=\"wpforms-7260-field_1-last\" class=\"wpforms-field-sublabel after\">Last<\/label><\/div><\/div><\/div><div id=\"wpforms-7260-field_2-container\" class=\"wpforms-field wpforms-field-email\" data-field-id=\"2\"><label class=\"wpforms-field-label\" for=\"wpforms-7260-field_2\">Votre email <span class=\"wpforms-required-label\">*<\/span><\/label><input type=\"email\" id=\"wpforms-7260-field_2\" class=\"wpforms-field-medium wpforms-field-required\" name=\"wpforms[fields][2]\" spellcheck=\"false\" required><\/div>\t\t<div id=\"wpforms-7260-field_5-container\"\n\t\t\tclass=\"wpforms-field wpforms-field-text\"\n\t\t\tdata-field-type=\"text\"\n\t\t\tdata-field-id=\"5\"\n\t\t\t>\n\t\t\t<label class=\"wpforms-field-label\" for=\"wpforms-7260-field_5\" >t\u00e9l\u00e9phone Message Votre<\/label>\n\t\t\t<input type=\"text\" id=\"wpforms-7260-field_5\" class=\"wpforms-field-medium\" name=\"wpforms[fields][5]\" >\n\t\t<\/div>\n\t\t<div id=\"wpforms-7260-field_4-container\" class=\"wpforms-field wpforms-field-phone\" data-field-id=\"4\"><label class=\"wpforms-field-label\" for=\"wpforms-7260-field_4\">Votre t\u00e9l\u00e9phone<\/label><input type=\"tel\" id=\"wpforms-7260-field_4\" class=\"wpforms-field-medium wpforms-smart-phone-field\" data-rule-smart-phone-field=\"true\" name=\"wpforms[fields][4]\" aria-label=\"Votre t\u00e9l\u00e9phone\" ><\/div><div id=\"wpforms-7260-field_3-container\" class=\"wpforms-field wpforms-field-textarea\" data-field-id=\"3\"><label class=\"wpforms-field-label\" for=\"wpforms-7260-field_3\">Message <span class=\"wpforms-required-label\">*<\/span><\/label><textarea id=\"wpforms-7260-field_3\" class=\"wpforms-field-medium wpforms-field-required\" name=\"wpforms[fields][3]\" required><\/textarea><\/div><script>\n\t\t\t\t( function() {\n\t\t\t\t\tconst style = document.createElement( 'style' );\n\t\t\t\t\tstyle.appendChild( document.createTextNode( '#wpforms-7260-field_5-container { position: absolute !important; overflow: hidden !important; display: inline !important; height: 1px !important; width: 1px !important; z-index: -1000 !important; padding: 0 !important; } #wpforms-7260-field_5-container input { visibility: hidden; } #wpforms-conversational-form-page #wpforms-7260-field_5-container label { counter-increment: none; }' ) );\n\t\t\t\t\tdocument.head.appendChild( style );\n\t\t\t\t\tdocument.currentScript?.remove();\n\t\t\t\t} )();\n\t\t\t<\/script><\/div><!-- .wpforms-field-container --><div class=\"wpforms-recaptcha-container wpforms-is-recaptcha wpforms-is-recaptcha-type-v3\" ><input type=\"hidden\" name=\"wpforms[recaptcha]\" value=\"\"><\/div><div class=\"wpforms-submit-container\" ><input type=\"hidden\" name=\"wpforms[id]\" value=\"7260\"><input type=\"hidden\" name=\"page_title\" value=\"\"><input type=\"hidden\" name=\"page_url\" value=\"https:\/\/dupraz-snow.com\/en\/wp-json\/wp\/v2\/pages\/118\"><input type=\"hidden\" name=\"url_referer\" value=\"\"><button type=\"submit\" name=\"wpforms[submit]\" id=\"wpforms-submit-7260\" class=\"wpforms-submit\" data-alt-text=\"Envoi...\" data-submit-text=\"ENVOYER\" aria-live=\"assertive\" value=\"wpforms-submit\">ENVOYER<\/button><img loading=\"lazy\" decoding=\"async\" src=\"https:\/\/dupraz-snow.com\/wp-content\/plugins\/wpforms\/assets\/images\/submit-spin.svg\" class=\"wpforms-submit-spinner\" style=\"display: none;\" width=\"26\" height=\"26\" alt=\"Loading\"><\/div><\/form><\/div>  <!-- .wpforms-container -->    <\/div>\n<\/div>\n<!-- \/module plain text -->        <\/div>\n                    <\/div>\n                <\/div>\n                        <\/div>\n        <\/div>\n                        <div  data-css_id=\"sdux645\" data-lazy=\"1\" class=\"module_row themify_builder_row fullwidth tb_sdux645 tf_w\">\n                        <div class=\"row_inner col_align_top tb_col_count_1 tf_box tf_rel\">\n                        <div  data-lazy=\"1\" class=\"module_column tb-column col-full tb_q2h2645 first\">\n                    <!-- module image pro -->\n<div  class=\"module module-pro-image tb_9oav229 filter-none effect-none fullwidth_image  tf_textc   entrance-effect-fadeIn\" data-lazy=\"1\" data-entrance-effect=\"fadeIn\" data-exit-effect=\"fadeOut\" >\n\t\n    <div class=\"image-pro-wrap tf_rel tf_overflow tf_inline_b\">\n\t\t\t\t<div class=\"image-pro-flip-box-wrap tf_rel tf_w tf_overflow\">\n\t\t\t<div class=\"image-pro-flip-box tf_rel\">\n\n\t\t\t\t<img loading=\"lazy\" decoding=\"async\" width=\"2000\" height=\"1188\" src=\"https:\/\/dupraz-snow.com\/wp-content\/uploads\/2020\/12\/heliskiing-dupraz-1.jpg\" class=\"wp-post-image wp-image-3420\" title=\"heliskiing-dupraz-1\" alt=\"heliskiing-dupraz-1\" srcset=\"https:\/\/dupraz-snow.com\/wp-content\/uploads\/2020\/12\/heliskiing-dupraz-1.jpg 2000w, https:\/\/dupraz-snow.com\/wp-content\/uploads\/2020\/12\/heliskiing-dupraz-1-300x178.jpg 300w, https:\/\/dupraz-snow.com\/wp-content\/uploads\/2020\/12\/heliskiing-dupraz-1-600x356.jpg 600w, https:\/\/dupraz-snow.com\/wp-content\/uploads\/2020\/12\/heliskiing-dupraz-1-1024x608.jpg 1024w, https:\/\/dupraz-snow.com\/wp-content\/uploads\/2020\/12\/heliskiing-dupraz-1-768x456.jpg 768w, https:\/\/dupraz-snow.com\/wp-content\/uploads\/2020\/12\/heliskiing-dupraz-1-1536x912.jpg 1536w\" sizes=\"auto, (max-width: 2000px) 100vw, 2000px\" \/>\n\t\t\t\t\n\t\t\t<\/div>\n\t\t<\/div>\n\n    <\/div><!-- .image-pro-wrap -->\n\n\t\n\t\n\t<\/div><!-- \/module image pro -->        <\/div>\n                        <\/div>\n        <\/div>\n        <\/div>\n<!--\/themify_builder_content-->","protected":false},"excerpt":{"rendered":"<p>Contact Vous souhaitez un renseignement sur un produit ? Toute autre information ? N&#8217;h\u00e9sitez pas \u00e0 nous contacter via ce formulaire.Nous r\u00e9pondons vite et de fa\u00e7on personnalis\u00e9e \u00e0 tous vos emails. Le staff Dupraz Snow \u00a0 Notre adresse postale : Dupraz Sports 250, Route des B\u00e8gues ZAE des B\u00e8gues 74250 Fillinges France \u00a0 T\u00e9l. +33 [&hellip;]<\/p>\n","protected":false},"author":1,"featured_media":0,"parent":0,"menu_order":0,"comment_status":"closed","ping_status":"closed","template":"","meta":{"_monsterinsights_skip_tracking":false,"_monsterinsights_sitenote_active":false,"_monsterinsights_sitenote_note":"","_monsterinsights_sitenote_category":0,"footnotes":""},"class_list":["post-118","page","type-page","status-publish","hentry","has-post-title","has-post-date","has-post-category","has-post-tag","has-post-comment","has-post-author",""],"builder_content":"<h1>Contact<\/h1>\n<p>Vous souhaitez un renseignement sur un produit ? Toute autre information ? N'h\u00e9sitez pas \u00e0 nous contacter via ce formulaire.<br>Nous r\u00e9pondons vite et de fa\u00e7on personnalis\u00e9e \u00e0 tous vos emails.<\/p> <p>Le staff Dupraz Snow<\/p>\n\u00a0 <strong>Notre adresse postale :<\/strong> Dupraz Sports 250, Route des B\u00e8gues ZAE des B\u00e8gues 74250 Fillinges France \u00a0\n<p>[themify_icon icon=\"fas fa-phone\" link=\"tel:+33450717475\" icon_color=\"#575757\"]T\u00e9l. +33 (0)4 50 71 74 75<\/p>\n<strong>[themify_icon icon=\"ti-time\" icon_color=\"575757\"]<\/strong>du lundi au vendredi : 9H00 - 12H00 et 14H00 - 17H00 \u00a0 \u00a0 <strong>Vous souhaitez un conseil sur un choix de produits ?<br><\/strong><a href=\"https:\/\/dupraz-snow.com\/snowboard-product-chooser\"><strong>Cliquez ici<\/strong><\/a> pour un conseil snowboard.\n[wpforms id=\"7260\" title=\"false\"]\n<img src=\"https:\/\/dupraz-snow.com\/wp-content\/uploads\/2020\/12\/heliskiing-dupraz-1.jpg\" title=\"heliskiing-dupraz-1\" alt=\"heliskiing-dupraz-1\" srcset=\"https:\/\/dupraz-snow.com\/wp-content\/uploads\/2020\/12\/heliskiing-dupraz-1.jpg 2000w, https:\/\/dupraz-snow.com\/wp-content\/uploads\/2020\/12\/heliskiing-dupraz-1-300x178.jpg 300w, https:\/\/dupraz-snow.com\/wp-content\/uploads\/2020\/12\/heliskiing-dupraz-1-600x356.jpg 600w, https:\/\/dupraz-snow.com\/wp-content\/uploads\/2020\/12\/heliskiing-dupraz-1-1024x608.jpg 1024w, https:\/\/dupraz-snow.com\/wp-content\/uploads\/2020\/12\/heliskiing-dupraz-1-768x456.jpg 768w, https:\/\/dupraz-snow.com\/wp-content\/uploads\/2020\/12\/heliskiing-dupraz-1-1536x912.jpg 1536w\" sizes=\"(max-width: 2000px) 100vw, 2000px\" \/>","_links":{"self":[{"href":"https:\/\/dupraz-snow.com\/en\/wp-json\/wp\/v2\/pages\/118","targetHints":{"allow":["GET"]}}],"collection":[{"href":"https:\/\/dupraz-snow.com\/en\/wp-json\/wp\/v2\/pages"}],"about":[{"href":"https:\/\/dupraz-snow.com\/en\/wp-json\/wp\/v2\/types\/page"}],"author":[{"embeddable":true,"href":"https:\/\/dupraz-snow.com\/en\/wp-json\/wp\/v2\/users\/1"}],"replies":[{"embeddable":true,"href":"https:\/\/dupraz-snow.com\/en\/wp-json\/wp\/v2\/comments?post=118"}],"version-history":[{"count":5,"href":"https:\/\/dupraz-snow.com\/en\/wp-json\/wp\/v2\/pages\/118\/revisions"}],"predecessor-version":[{"id":7264,"href":"https:\/\/dupraz-snow.com\/en\/wp-json\/wp\/v2\/pages\/118\/revisions\/7264"}],"wp:attachment":[{"href":"https:\/\/dupraz-snow.com\/en\/wp-json\/wp\/v2\/media?parent=118"}],"curies":[{"name":"wp","href":"https:\/\/api.w.org\/{rel}","templated":true}]}}