{"id":761,"date":"2020-10-03T16:33:27","date_gmt":"2020-10-03T14:33:27","guid":{"rendered":"https:\/\/dupraz-snow.com\/?post_type=product&#038;p=761"},"modified":"2026-03-30T13:37:21","modified_gmt":"2026-03-30T11:37:21","slug":"snowboard-d1-52","status":"publish","type":"product","link":"http:\/\/dupraz-snow.com\/en\/produit\/snowboard-d1-52\/","title":{"rendered":"D1 5'2"},"content":{"rendered":"<p>L\u2019avion de chasse, m\u00e9ga fun \u00e0 piloter, soyez ma\u00eetres de vos courbes.<br \/>\nOn tourne les yeux, et elle nous y emm\u00e8ne\u2026<\/p>\n<p>La 5\u20192\u2019\u2019 c\u2019est la D1 qui permet aux freestylers de d\u00e9couvrir tous les avantages du shape Dupraz.<br \/>\nUltra compacte sous les pieds, elle permet une totale libert\u00e9 d\u2019action.<\/p>\n<p>Elle vous pousse \u00e0 jouer avec chaque d\u00e9tail du terrain, vous permet de tourner autour de chaque arbre\u2026 avec des capacit\u00e9s surprenantes, elle d\u00e9livre une accroche et une stabilit\u00e9 incroyables pour une board de ce gabarit !<\/p>\n<p>La D1 la plus fun de la gamme, un caract\u00e8re et des capacit\u00e9s qui pousse \u00e0 jouer avec le terrain, sur piste comme en dehors ! La board qui vous rappellera vos plus belles sessions de surf sur votre \u201cpeak\u201d pr\u00e9f\u00e9r\u00e9, au c\u0153ur de l\u2019\u00e9t\u00e9.<\/p>","protected":false},"excerpt":{"rendered":"<p>Un ride fluide, naturel et intuitif, une facilit\u00e9 de d\u00e9jaugeage naturelle en poudreuse et des appuis s\u00e9curisants sur neige dure.<br \/>\nOn gagne en maniabilit\u00e9 sans perdre en efficacit\u00e9. Par rapport \u00e0 sa taille, la 5\u20192\u2019\u2019 apporte s\u00e9curit\u00e9, confiance, confort et une stabilit\u00e9 in\u00e9gal\u00e9s.<\/p>","protected":false},"featured_media":7322,"comment_status":"closed","ping_status":"closed","template":"","meta":{"_monsterinsights_skip_tracking":false,"_monsterinsights_sitenote_active":false,"_monsterinsights_sitenote_note":"","_monsterinsights_sitenote_category":0},"product_brand":[],"product_cat":[32,63,70,31,42,61],"product_tag":[43],"class_list":{"0":"post-761","1":"product","2":"type-product","3":"status-publish","4":"has-post-thumbnail","6":"product_cat-snowboards","7":"product_cat-5-2","8":"product_cat-5-2-solo","9":"product_cat-d1","10":"product_cat-flex-std","11":"product_cat-shortboard","12":"product_tag-snowleft","13":"has-post-title","14":"has-post-date","15":"has-post-category","16":"has-post-tag","17":"has-post-comment","18":"has-post-author","19":"","21":"first","22":"outofstock","23":"taxable","24":"shipping-taxable","25":"purchasable","26":"product-type-simple"},"builder_content":"","_links":{"self":[{"href":"http:\/\/dupraz-snow.com\/en\/wp-json\/wp\/v2\/product\/761","targetHints":{"allow":["GET"]}}],"collection":[{"href":"http:\/\/dupraz-snow.com\/en\/wp-json\/wp\/v2\/product"}],"about":[{"href":"http:\/\/dupraz-snow.com\/en\/wp-json\/wp\/v2\/types\/product"}],"replies":[{"embeddable":true,"href":"http:\/\/dupraz-snow.com\/en\/wp-json\/wp\/v2\/comments?post=761"}],"wp:featuredmedia":[{"embeddable":true,"href":"http:\/\/dupraz-snow.com\/en\/wp-json\/wp\/v2\/media\/7322"}],"wp:attachment":[{"href":"http:\/\/dupraz-snow.com\/en\/wp-json\/wp\/v2\/media?parent=761"}],"wp:term":[{"taxonomy":"product_brand","embeddable":true,"href":"http:\/\/dupraz-snow.com\/en\/wp-json\/wp\/v2\/product_brand?post=761"},{"taxonomy":"product_cat","embeddable":true,"href":"http:\/\/dupraz-snow.com\/en\/wp-json\/wp\/v2\/product_cat?post=761"},{"taxonomy":"product_tag","embeddable":true,"href":"http:\/\/dupraz-snow.com\/en\/wp-json\/wp\/v2\/product_tag?post=761"}],"curies":[{"name":"wp","href":"https:\/\/api.w.org\/{rel}","templated":true}]}}