{"id":281,"date":"2020-09-23T18:20:37","date_gmt":"2020-09-23T16:20:37","guid":{"rendered":"https:\/\/dupraz-snow.com\/?page_id=281"},"modified":"2020-12-05T06:26:13","modified_gmt":"2020-12-05T05:26:13","slug":"sustainable","status":"publish","type":"page","link":"http:\/\/dupraz-snow.com\/en\/sustainable\/","title":{"rendered":"Ecology"},"content":{"rendered":"<!--themify_builder_content-->\n<div id=\"themify_builder_content-281\" data-postid=\"281\" class=\"themify_builder_content themify_builder_content-281 themify_builder tf_clear\">\n                    <div  data-lazy=\"1\" class=\"module_row themify_builder_row tb_g0xh486 tb_first tf_w\">\n                        <div class=\"row_inner col_align_top tb_col_count_1 tf_box tf_rel\">\n                        <div  data-lazy=\"1\" class=\"module_column tb-column col-full tb_oau9487 first\">\n                    <!-- module text -->\n<div  class=\"module module-text tb_ujnn67    wow\" data-tf-animation=\"fadeInUp\" data-lazy=\"1\">\n        <div  class=\"tb_text_wrap\">\n        <h1>Notre empreinte \u00e9cologique<\/h1>\n<h2><b>Le meilleur des d\u00e9chets est celui qu&#8217;on ne produit pas&#8230;<\/b><\/h2>\n<p><b>En r\u00e9sum\u00e9 :<\/b><br \/>&#8211; Une gamme r\u00e9duite (donc peu d&#8217;outillage de production)<br \/>&#8211; Une seule board pour toute les utilisations<br \/>&#8211; Votre niveau de ride progresse ? Vous gardez la m\u00eame board !<br \/>&#8211; Une construction de qualit\u00e9 qui dure dans le temps<br \/>&#8211; Production en Europe<br \/>&#8211; Tirages papier tr\u00e8s limit\u00e9s :\u00a0flyer, catalogues etc.<br \/>&#8211; Outils de communication tr\u00e8s simples et optimis\u00e9s : stands de salon \u00e0 structures l\u00e9g\u00e8res et facilement r\u00e9utilisables pour peu d&#8217;impact environnemental.\u00a0<\/p>    <\/div>\n<\/div>\n<!-- \/module text --><!-- module accordion -->\n<div  class=\"module module-accordion tb_n2cc452  wow\" data-behavior=\"toggle\" data-tf-animation=\"fadeInUp\" data-tf-animation_delay=\"0.8\" data-lazy=\"1\">\n    \n    <ul class=\"ui module-accordion  rounded tb_default_color\">\n            <li>\n            <div class=\"accordion-title tf_rel\">\n                <a href=\"#acc-n2cc452-0\" class=\"tb_title_accordion\" aria-controls=\"acc-n2cc452-0-content\" aria-expanded=\"false\">\n                    <i class=\"accordion-icon\"><svg  class=\"tf_fa tf-ti-plus\" xmlns:xlink=\"http:\/\/www.w3.org\/1999\/xlink\" aria-hidden=\"true\"><use href=\"#tf-ti-plus\" xlink:href=\"#tf-ti-plus\"><\/use><\/svg><\/i>                    <i class=\"accordion-active-icon tf_hide\"><svg  class=\"tf_fa tf-ti-minus\" xmlns:xlink=\"http:\/\/www.w3.org\/1999\/xlink\" aria-hidden=\"true\"><use href=\"#tf-ti-minus\" xlink:href=\"#tf-ti-minus\"><\/use><\/svg><\/i>                    <span class=\"accordion-title-wrap\">Les d\u00e9tails sur nos actions environnementales directes et indirectes<\/span>                <\/a>\n            <\/div><!-- .accordion-title -->\n            <div id=\"acc-n2cc452-0-content\" data-id=\"acc-n2cc452-0\" aria-hidden=\"true\" class=\"accordion-content tf_hide tf_clearfix\">\n                                    <div class=\"tb_text_wrap\">\n                        <p>Le snowboard est le moyen id\u00e9al de d\u00e9couvrir de jolis coins de montagne. Pour Dupraz Snowboards, concevoir et fabriquer des boards va de pair avec une attitude respectueuse et un engagement citoyen pour la pr\u00e9servation de la plan\u00e8te.<\/p>\n<p>Par exemple, la marque confie exclusivement sa production \u00e0 des partenaires situ\u00e9s en Europe. Elle pr\u00e9serve ainsi le savoir-faire r\u00e9gional et favorise l&#8217;utilisation de mati\u00e8res premi\u00e8res de proximit\u00e9 (notamment du bois des for\u00eats voisines).<\/p>\n<p>Cette d\u00e9marche, totalement \u00e0 contre courant des tendances actuelles du march\u00e9, permet de limiter les \u00e9missions de CO2 puisque les mat\u00e9riaux ne feront pas x fois le tour de la terre avant d\u2019arriver dans les magasins.<\/p>\n<p>Pour r\u00e9duire son impact sur l\u2019environnement et les hommes les mat\u00e9riaux utilis\u00e9s sont \u00e9galement choisis en fonction de crit\u00e8res stricts (colle ne d\u00e9gageant pas de compos\u00e9s volatiles toxiques, encres \u00e0 l\u2019eau\u2026).<\/p>\n<p>Toute l\u2019unit\u00e9 de production est sensibilis\u00e9e \u00e0 ces questions depuis des ann\u00e9es et a mis en place des process de recyclage (par ex.: circuit de refroidissement des machines en circuit ferm\u00e9 pour recycler l\u2019eau).<\/p>\n<p>Soyons r\u00e9alistes: tous les skis et snowboards sur le march\u00e9 tels qu&#8217;ils sont fabriqu\u00e9s aujourd&#8217;hui sont terribles au niveau environnemental aussi bien qu&#8217;au niveau du recyclage: les assemblages composites font encore bien trop appel \u00e0 des produits issus du p\u00e9trole: les fibres de verre, les chants lat\u00e9raux, les rev\u00eatements sup\u00e9rieurs et bien s\u00fbr les semelles, tout cela provient du p\u00e9trole. La qualit\u00e9 des assemblage nous permet d&#8217;obtenir les performances et la fiabilit\u00e9 que nous connaissons, l&#8217;envers de la m\u00e9daille \u00e9tant que nous ne savons pas bien les redissocier pour les recycler.<\/p>\n<p>Pour Serge Dupraz, cette exigence concernant la conception de ses boards c\u2019est aussi faire le choix de proposer une gamme optimis\u00e9e (mais avec des boards performantes sur tous types de neige), de ne pas multiplier les mod\u00e8les pour ne pas surproduire.<\/p>\n<p>C\u2019est le concept DUPRAZ : gr\u00e2ce \u00e0 l\u2019innovation technique et \u00e0 la qualit\u00e9 des mat\u00e9riaux utilis\u00e9s, les boards sont con\u00e7ues pour durer de nombreuses saisons.<\/p>\n<p><strong>Objectif : consommer res-pon-sable<\/strong><\/p>\n<p>Les \u00e9nergies nouvelles, \u00e9nergies renouvelables, je suis comme qui dirait tomb\u00e9 dedans \u00e9tant petit. Michel Dupraz, mon p\u00e8re, \u00e9tait passionn\u00e9 par le d\u00e9veloppement de syst\u00e8mes de chauffage alternatifs aux syst\u00e8mes utilisant les \u00e9nergies fossiles, et ce depuis des d\u00e9cennies. Il y a plus de trente ans que je l&#8217;entendais dire que les stocks de p\u00e9trole ne dureront plus tr\u00e8s longtemps, que l&#8217;on peut facilement se chauffer avec plus de confort et en d\u00e9pensant quatre fois moins.<\/p>\n<p>Dans la maison familiale construite en 1975, le chauffage \u00e9tait d\u00e9j\u00e0 assur\u00e9 par pompe \u00e0 chaleur, avec un syst\u00e8me de puit canadien, r\u00e9cup\u00e9ration des calories par double-flux, etc&#8230;<\/p>\n<p>Il est pionnier en France dans les syst\u00e8mes de pompe \u00e0 chaleur, il a install\u00e9 les premiers capteurs enterr\u00e9s il y a plus de trente ans.<\/p>\n<p>Aujourd&#8217;hui il met sur le march\u00e9 un syst\u00e8me brevet\u00e9 de chauffage r\u00e9volutionnaire par son efficacit\u00e9, sa simplicit\u00e9 et le faible besoin de place n\u00e9cessaire \u00e0 son installation. Un syst\u00e8me &#8216;intelligent&#8217; qui au gr\u00e9 des jours et suivant l&#8217;heure du jour va utiliser les calories contenues dans l&#8217;air, l&#8217;eau ou la terre.<\/p>\n<p>Aujourd&#8217;hui, le green market a le vent en poupe, et ce dans tous les domaines. Beaucoup de soci\u00e9t\u00e9s lancent des campagnes de communications bien ficel\u00e9es qui finalement jettent beaucoup de poudre aux yeux et proposent des produits loin d&#8217;\u00eatre aussi respectueux de l&#8217;environnement qu&#8217;ils n&#8217;y paraissent.<span class=\"Apple-converted-space\">\u00a0<\/span><\/p>\n<p>A chacun d&#8217;\u00eatre attentif, de garder du recul, un esprit critique, de faire l&#8217;effort de se renseigner et de privil\u00e9gier les achats vraiment respectueux.<span class=\"Apple-converted-space\">\u00a0<\/span><\/p>\n<p><strong>Gare au greenwashing<\/strong><\/p>                    <\/div>\n                            <\/div><!-- .accordion-content -->\n        <\/li>\n        <\/ul>\n\n<\/div><!-- \/module accordion -->        <\/div>\n                        <\/div>\n        <\/div>\n                        <div  data-lazy=\"1\" class=\"module_row themify_builder_row tb_sdhf309 tf_w wow\" data-tf-animation=\"fadeInUp\" data-tf-animation_delay=\"0.4\">\n                        <div class=\"row_inner col_align_top tb_col_count_1 tf_box tf_rel\">\n                        <div  data-lazy=\"1\" class=\"module_column tb-column col-full tb_47yx310 first\">\n                            <\/div>\n                        <\/div>\n        <\/div>\n                        <div  data-css_id=\"t8zg809\" data-lazy=\"1\" class=\"module_row themify_builder_row fullwidth tb_t8zg809 tf_w\">\n                        <div class=\"row_inner col_align_top tb_col_count_1 tf_box tf_rel\">\n                        <div  data-lazy=\"1\" class=\"module_column tb-column col-full tb_npmx809 first\">\n                    <!-- module template_part -->\n<div  class=\"module module-layout-part tb_77ru809 \">\n    <div class=\"tb_layout_part_wrap tf_w\"><!--themify_builder_content-->\n    <div  class=\"themify_builder_content themify_builder_content-41 themify_builder not_editable_builder in_the_loop\" data-postid=\"41\">\n                        <div  data-css_id=\"50o8751\" data-lazy=\"1\" class=\"module_row themify_builder_row fullwidth tb_50o8751 tf_w\">\n                        <div class=\"row_inner col_align_middle gutter-narrow tb_col_count_5 tf_box tf_rel\">\n                        <div  data-lazy=\"1\" class=\"module_column tb-column col5-1 tb_17aa751 first\">\n                    <!-- module image -->\n<div  class=\"module module-image tb_94lx160 image-center   tf_mw\" data-lazy=\"1\">\n        <div class=\"image-wrap tf_rel tf_mw\">\n            <a href=\"https:\/\/dupraz-snow.com\">\n                   <img loading=\"lazy\" decoding=\"async\" src=\"https:\/\/dupraz-snow.com\/wp-content\/uploads\/2020\/09\/dupraz-snow-logo-black-1024x251-200x49.png\" width=\"200\" height=\"49\" class=\"wp-post-image wp-image-32\" title=\"dupraz-snow-logo-black\" alt=\"Logo Dupraz Snow\" srcset=\"https:\/\/dupraz-snow.com\/wp-content\/uploads\/2020\/09\/dupraz-snow-logo-black-1024x251-200x49.png 200w, https:\/\/dupraz-snow.com\/wp-content\/uploads\/2020\/09\/dupraz-snow-logo-black-300x74.png 300w, https:\/\/dupraz-snow.com\/wp-content\/uploads\/2020\/09\/dupraz-snow-logo-black-600x147.png 600w, https:\/\/dupraz-snow.com\/wp-content\/uploads\/2020\/09\/dupraz-snow-logo-black-1024x251.png 1024w, https:\/\/dupraz-snow.com\/wp-content\/uploads\/2020\/09\/dupraz-snow-logo-black-768x188.png 768w, https:\/\/dupraz-snow.com\/wp-content\/uploads\/2020\/09\/dupraz-snow-logo-black-1024x251-150x36.png 150w, https:\/\/dupraz-snow.com\/wp-content\/uploads\/2020\/09\/dupraz-snow-logo-black.png 1040w\" sizes=\"auto, (max-width: 200px) 100vw, 200px\" \/>        <\/a>\n    \n        <\/div>\n    <!-- \/image-wrap -->\n    \n        <\/div>\n<!-- \/module image --><!-- module text -->\n<div  class=\"module module-text tb_g3ey454   \" data-lazy=\"1\">\n        <div  class=\"tb_text_wrap\">\n        <p style=\"text-align: center;\">250 Route des B\u00e8gues<br>74250 Fillinges<br>France<\/p>    <\/div>\n<\/div>\n<!-- \/module text -->        <\/div>\n                    <div  data-lazy=\"1\" class=\"module_column tb-column col5-1 tb_wqko217\">\n                    <!-- module icon -->\n<div  class=\"module module-icon tb_t7bk51    icon_horizontal tf_textc\" data-lazy=\"1\">\n\t\t\t<div class=\"module-icon-item\">\n\t\t\t\t\t\t\t<a href=\"tel:+334%2050%2071%2074%2075\u202c\">\n\t\t\t\t\t\t\t\t\t\t\t\t\t\t\t\t\t<em class=\"tf_boxblue\"\n\t\t\t\t\t\t\t\t\t\t\t\t\t\t\t\t\t><svg  class=\"tf_fa tf-fas-mobile-alt\" xmlns:xlink=\"http:\/\/www.w3.org\/1999\/xlink\" aria-hidden=\"true\"><use href=\"#tf-fas-mobile-alt\" xlink:href=\"#tf-fas-mobile-alt\"><\/use><\/svg><\/em>\n\t\t\t\t\t\t\t\t\t\t\t\t\t\t\t\t<\/a>\n\t\t\t\t\t<\/div>\n\t<\/div>\n<!-- \/module icon -->\n<!-- module text -->\n<div  class=\"module module-text tb_175q986   \" data-lazy=\"1\">\n        <div  class=\"tb_text_wrap\">\n        <p style=\"text-align: center;\"><a href=\"tel:+334 50 71 74 75\u202c\">+33 (0)4 50 71 74 75<\/a><\/p>    <\/div>\n<\/div>\n<!-- \/module text -->        <\/div>\n                    <div  data-lazy=\"1\" class=\"module_column tb-column col5-1 tb_ysz4217\">\n                    <!-- module icon -->\n<div  class=\"module module-icon tb_kw4p867    icon_horizontal \" data-lazy=\"1\">\n\t\t\t<div class=\"module-icon-item\">\n\t\t\t\t\t\t\t<a href=\"https:\/\/www.facebook.com\/duprazsnowboards\" rel=\"noopener\" target=\"_blank\">\n\t\t\t\t\t\t\t\t\t\t\t\t\t\t\t\t\t<em class=\"tf_box\"\n\t\t\t\t\t\t\t\t\t\t\t\t\t\t\t\t\t><svg  class=\"tf_fa tf-ti-facebook\" xmlns:xlink=\"http:\/\/www.w3.org\/1999\/xlink\" aria-hidden=\"true\"><use href=\"#tf-ti-facebook\" xlink:href=\"#tf-ti-facebook\"><\/use><\/svg><\/em>\n\t\t\t\t\t\t\t\t\t\t\t\t\t\t\t\t<\/a>\n\t\t\t\t\t<\/div>\n\t\t\t<div class=\"module-icon-item\">\n\t\t\t\t\t\t\t<a href=\"https:\/\/www.instagram.com\/dupraz_snow\/\" rel=\"noopener\" target=\"_blank\">\n\t\t\t\t\t\t\t\t\t\t\t\t\t\t\t\t\t<em class=\"tf_box\"\n\t\t\t\t\t\t\t\t\t\t\t\t\t\t\t\t\t><svg  class=\"tf_fa tf-ti-instagram\" xmlns:xlink=\"http:\/\/www.w3.org\/1999\/xlink\" aria-hidden=\"true\"><use href=\"#tf-ti-instagram\" xlink:href=\"#tf-ti-instagram\"><\/use><\/svg><\/em>\n\t\t\t\t\t\t\t\t\t\t\t\t\t\t\t\t<\/a>\n\t\t\t\t\t<\/div>\n\t\t\t<div class=\"module-icon-item\">\n\t\t\t\t\t\t\t<a href=\"https:\/\/www.youtube.com\/@DuprazSnowboards\/videos\" target=\"_blank\" rel=\"noopener\">\n\t\t\t\t\t\t\t\t\t\t\t\t\t\t\t\t\t<em class=\"tf_box\"\n\t\t\t\t\t\t\t\t\t\t\t\t\t\t\t\t\t><svg  class=\"tf_fa tf-ti-youtube\" xmlns:xlink=\"http:\/\/www.w3.org\/1999\/xlink\" aria-hidden=\"true\"><use href=\"#tf-ti-youtube\" xlink:href=\"#tf-ti-youtube\"><\/use><\/svg><\/em>\n\t\t\t\t\t\t\t\t\t\t\t\t\t\t\t\t<\/a>\n\t\t\t\t\t<\/div>\n\t<\/div>\n<!-- \/module icon -->\n<!-- module text -->\n<div  class=\"module module-text tb_ns7i531   \" data-lazy=\"1\">\n        <div  class=\"tb_text_wrap\">\n        <p style=\"text-align: center;\">Suivez nous sur les r\u00e9seaux sociaux<\/p>    <\/div>\n<\/div>\n<!-- \/module text -->        <\/div>\n                    <div  data-lazy=\"1\" class=\"module_column tb-column col5-1 tb_zk62353\">\n                    <!-- module menu -->\n<div  class=\"module module-menu tb_5elq616  mobile-menu-slide\" data-menu-style=\"mobile-menu-slide\" data-menu-breakpoint=\"0\" data-element-id=\"tb_5elq616\" data-lazy=\"1\">\n        \n    <div class=\"module-menu-container\"><ul id=\"menu-menu-footer-1\" class=\"ui tf_clearfix nav tf_rel tf_scrollbar vertical transparent\"><li id=\"menu-item-1379\" class=\"menu-item-page-118 menu-item menu-item-type-post_type menu-item-object-page menu-item-1379\"><a href=\"http:\/\/dupraz-snow.com\/en\/contact\/\">Contact<\/a><\/li>\n<li id=\"menu-item-3210\" class=\"menu-item-page-1182 menu-item menu-item-type-post_type menu-item-object-page menu-item-3210\"><a href=\"http:\/\/dupraz-snow.com\/en\/snowboard-product-chooser\/\">Choix snowboards<\/a><\/li>\n<li id=\"menu-item-1398\" class=\"menu-item-page-1034 menu-item menu-item-type-post_type menu-item-object-page menu-item-1398\"><a href=\"http:\/\/dupraz-snow.com\/en\/mountain-workers\/\">Mountain Workers<\/a><\/li>\n<\/ul><\/div>        <style>\n            .mobile-menu-module[data-module=\"tb_5elq616\"]{\n                right:-300px            }\n        <\/style>\n    <\/div>\n<!-- \/module menu -->\n        <\/div>\n                    <div  data-lazy=\"1\" class=\"module_column tb-column col5-1 tb_drfq45 last\">\n                    <!-- module menu -->\n<div  class=\"module module-menu tb_yduh754  mobile-menu-slide\" data-menu-style=\"mobile-menu-slide\" data-menu-breakpoint=\"0\" data-element-id=\"tb_yduh754\" data-lazy=\"1\">\n        \n    <div class=\"module-menu-container\"><ul id=\"menu-menu-footer-2\" class=\"ui tf_clearfix nav tf_rel tf_scrollbar vertical transparent\"><li id=\"menu-item-1391\" class=\"menu-item-page-11 menu-item menu-item-type-post_type menu-item-object-page menu-item-1391\"><a href=\"http:\/\/dupraz-snow.com\/en\/mon-compte\/\">Mon compte<\/a><\/li>\n<li id=\"menu-item-1404\" class=\"menu-item-page-1393 menu-item menu-item-type-post_type menu-item-object-page menu-item-1404\"><a href=\"http:\/\/dupraz-snow.com\/en\/mentions-legales\/\">Mentions l\u00e9gales<\/a><\/li>\n<li id=\"menu-item-1390\" class=\"menu-item-page-1388 menu-item menu-item-type-post_type menu-item-object-page menu-item-1390\"><a href=\"http:\/\/dupraz-snow.com\/en\/conditions-generales-de-vente\/\">C.G.V.<\/a><\/li>\n<li id=\"menu-item-1441\" class=\"menu-item-page-1435 menu-item menu-item-type-post_type menu-item-object-page menu-item-1441\"><a href=\"http:\/\/dupraz-snow.com\/en\/livraison-retours\/\">Livraison et retours<\/a><\/li>\n<li id=\"menu-item-2119\" class=\"menu-item-page-3 menu-item menu-item-type-post_type menu-item-object-page menu-item-privacy-policy menu-item-2119\"><a rel=\"privacy-policy\" href=\"http:\/\/dupraz-snow.com\/en\/cookies\/\">Confidentialit\u00e9<\/a><\/li>\n<\/ul><\/div>        <style>\n            .mobile-menu-module[data-module=\"tb_yduh754\"]{\n                right:-300px            }\n        <\/style>\n    <\/div>\n<!-- \/module menu -->\n        <\/div>\n                        <\/div>\n        <\/div>\n                        <div  data-css_id=\"na8l953\" data-lazy=\"1\" class=\"module_row themify_builder_row fullwidth tb_na8l953 tf_w\">\n                        <div class=\"row_inner col_align_top tb_col_count_1 tf_box tf_rel\">\n                        <div  data-lazy=\"1\" class=\"module_column tb-column col-full tb_2lm1953 first\">\n                    <!-- module text -->\n<div  class=\"module module-text tb_5t06953    hide-mobile\" data-lazy=\"1\">\n        <div  class=\"tb_text_wrap\">\n        <p style=\"text-align: center;\">Copyright<strong> \u00a9 2024 Dupraz Snow<\/strong>\u00a0 &#8211; Tous droits r\u00e9serv\u00e9s &#8211; Site s\u00e9curis\u00e9 protocole SSL &#8211; Paiement par carte bancaire s\u00e9curis\u00e9.<br>Webdesign : <a href=\"https:\/\/www.ddm3.com\/#home\" target=\"_blank\" rel=\"noopener\">DDM3<\/a> &#8211; Hosting : <a href=\"https:\/\/crackerstech.com\" target=\"_blank\" rel=\"noopener\">Cracker&#8217;s Tech<\/a>.<\/p>    <\/div>\n<\/div>\n<!-- \/module text --><!-- module text -->\n<div  class=\"module module-text tb_1ryj406    hide-desktop hide-tablet hide-tablet_landscape\" data-lazy=\"1\">\n        <div  class=\"tb_text_wrap\">\n        <p style=\"text-align: center;\">Copyright \u00a9 <strong>2024 Dupraz Snow<\/strong>\u00a0 &#8211; Tous droits r\u00e9serv\u00e9s &#8211; Site s\u00e9curis\u00e9 protocole SSL &#8211; Paiement par carte bancaire s\u00e9curis\u00e9.<br>Webdesign : <a href=\"https:\/\/www.ddm3.com\/#home\" target=\"_blank\" rel=\"noopener\">DDM3<\/a> &#8211; Hosting : <a href=\"https:\/\/crackerstech.com\" target=\"_blank\" rel=\"noopener\">Cracker&#8217;s Tech<\/a>.<\/p>    <\/div>\n<\/div>\n<!-- \/module text -->        <\/div>\n                        <\/div>\n        <\/div>\n                        <div  data-css_id=\"u66f97\" data-lazy=\"1\" class=\"module_row themify_builder_row fullwidth tb_u66f97 tf_w\">\n                        <div class=\"row_inner col_align_top tb_col_count_1 tf_box tf_rel\">\n                        <div  data-lazy=\"1\" class=\"module_column tb-column col-full tb_v86v97 first\">\n                    <!-- module text -->\n<div  class=\"module module-text tb_4vba199   \" data-lazy=\"1\">\n        <div  class=\"tb_text_wrap\">\n        <p style=\"text-align: center;\">&#8220;Enjoy the ride&#8221;<br \/><br \/><img loading=\"lazy\" decoding=\"async\" class=\"alignnone wp-image-1411\" src=\"https:\/\/dupraz-snow.com\/wp-content\/uploads\/2020\/10\/signature-serge-dupraz-white-small-1.png\" alt=\"Dupraz Snowboard\" width=\"215\" height=\"34\"><\/p>    <\/div>\n<\/div>\n<!-- \/module text -->        <\/div>\n                        <\/div>\n        <\/div>\n            <\/div>\n<!--\/themify_builder_content--><\/div>\n<\/div>\n<!-- \/module template_part -->        <\/div>\n                        <\/div>\n        <\/div>\n        <\/div>\n<!--\/themify_builder_content-->","protected":false},"excerpt":{"rendered":"<p>Notre empreinte \u00e9cologique Notre empreinte \u00e9cologique Le meilleur des d\u00e9chets est celui qu&#8217;on ne produit pas&#8230; En r\u00e9sum\u00e9 :&#8211; Une gamme r\u00e9duite (donc peu d&#8217;outillage de production)&#8211; Une seule board pour toute les utilisations&#8211; Votre niveau de ride progresse ? Vous gardez la m\u00eame board !&#8211; Une construction de qualit\u00e9 qui dure dans le temps&#8211; [&hellip;]<\/p>\n","protected":false},"author":1,"featured_media":0,"parent":0,"menu_order":0,"comment_status":"closed","ping_status":"closed","template":"","meta":{"_monsterinsights_skip_tracking":false,"_monsterinsights_sitenote_active":false,"_monsterinsights_sitenote_note":"","_monsterinsights_sitenote_category":0,"footnotes":""},"class_list":["post-281","page","type-page","status-publish","hentry","has-post-title","has-post-date","has-post-category","has-post-tag","has-post-comment","has-post-author",""],"builder_content":"<h1>Notre empreinte \u00e9cologique<\/h1>\n<h1>Notre empreinte \u00e9cologique<\/h1> <h2><b>Le meilleur des d\u00e9chets est celui qu'on ne produit pas...<\/b><\/h2> <p><b>En r\u00e9sum\u00e9 :<\/b><br \/>- Une gamme r\u00e9duite (donc peu d'outillage de production)<br \/>- Une seule board pour toute les utilisations<br \/>- Votre niveau de ride progresse ? Vous gardez la m\u00eame board !<br \/>- Une construction de qualit\u00e9 qui dure dans le temps<br \/>- Production en Europe<br \/>- Tirages papier tr\u00e8s limit\u00e9s :\u00a0flyer, catalogues etc.<br \/>- Outils de communication tr\u00e8s simples et optimis\u00e9s : stands de salon \u00e0 structures l\u00e9g\u00e8res et facilement r\u00e9utilisables pour peu d'impact environnemental.\u00a0<\/p>\n<ul><li><h4>Les d\u00e9tails sur nos actions environnementales directes et indirectes<\/h4><p>Le snowboard est le moyen id\u00e9al de d\u00e9couvrir de jolis coins de montagne. Pour Dupraz Snowboards, concevoir et fabriquer des boards va de pair avec une attitude respectueuse et un engagement citoyen pour la pr\u00e9servation de la plan\u00e8te.<\/p> <p>Par exemple, la marque confie exclusivement sa production \u00e0 des partenaires situ\u00e9s en Europe. Elle pr\u00e9serve ainsi le savoir-faire r\u00e9gional et favorise l'utilisation de mati\u00e8res premi\u00e8res de proximit\u00e9 (notamment du bois des for\u00eats voisines).<\/p> <p>Cette d\u00e9marche, totalement \u00e0 contre courant des tendances actuelles du march\u00e9, permet de limiter les \u00e9missions de CO2 puisque les mat\u00e9riaux ne feront pas x fois le tour de la terre avant d\u2019arriver dans les magasins.<\/p> <p>Pour r\u00e9duire son impact sur l\u2019environnement et les hommes les mat\u00e9riaux utilis\u00e9s sont \u00e9galement choisis en fonction de crit\u00e8res stricts (colle ne d\u00e9gageant pas de compos\u00e9s volatiles toxiques, encres \u00e0 l\u2019eau\u2026).<\/p> <p>Toute l\u2019unit\u00e9 de production est sensibilis\u00e9e \u00e0 ces questions depuis des ann\u00e9es et a mis en place des process de recyclage (par ex.: circuit de refroidissement des machines en circuit ferm\u00e9 pour recycler l\u2019eau).<\/p> <p>Soyons r\u00e9alistes: tous les skis et snowboards sur le march\u00e9 tels qu'ils sont fabriqu\u00e9s aujourd'hui sont terribles au niveau environnemental aussi bien qu'au niveau du recyclage: les assemblages composites font encore bien trop appel \u00e0 des produits issus du p\u00e9trole: les fibres de verre, les chants lat\u00e9raux, les rev\u00eatements sup\u00e9rieurs et bien s\u00fbr les semelles, tout cela provient du p\u00e9trole. La qualit\u00e9 des assemblage nous permet d'obtenir les performances et la fiabilit\u00e9 que nous connaissons, l'envers de la m\u00e9daille \u00e9tant que nous ne savons pas bien les redissocier pour les recycler.<\/p> <p>Pour Serge Dupraz, cette exigence concernant la conception de ses boards c\u2019est aussi faire le choix de proposer une gamme optimis\u00e9e (mais avec des boards performantes sur tous types de neige), de ne pas multiplier les mod\u00e8les pour ne pas surproduire.<\/p> <p>C\u2019est le concept DUPRAZ : gr\u00e2ce \u00e0 l\u2019innovation technique et \u00e0 la qualit\u00e9 des mat\u00e9riaux utilis\u00e9s, les boards sont con\u00e7ues pour durer de nombreuses saisons.<\/p> <p><strong>Objectif : consommer res-pon-sable<\/strong><\/p> <p>Les \u00e9nergies nouvelles, \u00e9nergies renouvelables, je suis comme qui dirait tomb\u00e9 dedans \u00e9tant petit. Michel Dupraz, mon p\u00e8re, \u00e9tait passionn\u00e9 par le d\u00e9veloppement de syst\u00e8mes de chauffage alternatifs aux syst\u00e8mes utilisant les \u00e9nergies fossiles, et ce depuis des d\u00e9cennies. Il y a plus de trente ans que je l'entendais dire que les stocks de p\u00e9trole ne dureront plus tr\u00e8s longtemps, que l'on peut facilement se chauffer avec plus de confort et en d\u00e9pensant quatre fois moins.<\/p> <p>Dans la maison familiale construite en 1975, le chauffage \u00e9tait d\u00e9j\u00e0 assur\u00e9 par pompe \u00e0 chaleur, avec un syst\u00e8me de puit canadien, r\u00e9cup\u00e9ration des calories par double-flux, etc...<\/p> <p>Il est pionnier en France dans les syst\u00e8mes de pompe \u00e0 chaleur, il a install\u00e9 les premiers capteurs enterr\u00e9s il y a plus de trente ans.<\/p> <p>Aujourd'hui il met sur le march\u00e9 un syst\u00e8me brevet\u00e9 de chauffage r\u00e9volutionnaire par son efficacit\u00e9, sa simplicit\u00e9 et le faible besoin de place n\u00e9cessaire \u00e0 son installation. Un syst\u00e8me 'intelligent' qui au gr\u00e9 des jours et suivant l'heure du jour va utiliser les calories contenues dans l'air, l'eau ou la terre.<\/p> <p>Aujourd'hui, le green market a le vent en poupe, et ce dans tous les domaines. Beaucoup de soci\u00e9t\u00e9s lancent des campagnes de communications bien ficel\u00e9es qui finalement jettent beaucoup de poudre aux yeux et proposent des produits loin d'\u00eatre aussi respectueux de l'environnement qu'ils n'y paraissent.\u00a0<\/p> <p>A chacun d'\u00eatre attentif, de garder du recul, un esprit critique, de faire l'effort de se renseigner et de privil\u00e9gier les achats vraiment respectueux.\u00a0<\/p> <p><strong>Gare au greenwashing<\/strong><\/p><\/li><\/ul>","_links":{"self":[{"href":"http:\/\/dupraz-snow.com\/en\/wp-json\/wp\/v2\/pages\/281","targetHints":{"allow":["GET"]}}],"collection":[{"href":"http:\/\/dupraz-snow.com\/en\/wp-json\/wp\/v2\/pages"}],"about":[{"href":"http:\/\/dupraz-snow.com\/en\/wp-json\/wp\/v2\/types\/page"}],"author":[{"embeddable":true,"href":"http:\/\/dupraz-snow.com\/en\/wp-json\/wp\/v2\/users\/1"}],"replies":[{"embeddable":true,"href":"http:\/\/dupraz-snow.com\/en\/wp-json\/wp\/v2\/comments?post=281"}],"version-history":[{"count":0,"href":"http:\/\/dupraz-snow.com\/en\/wp-json\/wp\/v2\/pages\/281\/revisions"}],"wp:attachment":[{"href":"http:\/\/dupraz-snow.com\/en\/wp-json\/wp\/v2\/media?parent=281"}],"curies":[{"name":"wp","href":"https:\/\/api.w.org\/{rel}","templated":true}]}}