{"id":265,"date":"2020-09-23T17:52:22","date_gmt":"2020-09-23T15:52:22","guid":{"rendered":"https:\/\/dupraz-snow.com\/?page_id=265"},"modified":"2023-05-09T13:03:21","modified_gmt":"2023-05-09T11:03:21","slug":"freedom","status":"publish","type":"page","link":"http:\/\/dupraz-snow.com\/en\/freedom\/","title":{"rendered":"Freedom"},"content":{"rendered":"<!--themify_builder_content-->\n<div id=\"themify_builder_content-265\" data-postid=\"265\" class=\"themify_builder_content themify_builder_content-265 themify_builder tf_clear\">\n                    <div  data-css_id=\"l8on991\" data-lazy=\"1\" class=\"module_row themify_builder_row fullwidth tb_l8on991 tb_first tf_w wow\" data-tf-animation=\"fadeInDown\">\n            <span  class=\"builder_row_cover tf_abs\" data-lazy=\"1\"><\/span>            <div class=\"row_inner col_align_top tb_col_count_1 tf_box tf_rel\">\n                        <div  data-lazy=\"1\" class=\"module_column tb-column col-full tb_0bq6992 first\">\n                    <!-- module text -->\n<div  class=\"module module-text tb_colo494    wow\" data-tf-animation=\"fadeInRight\" data-tf-animation_delay=\"0.5\" data-lazy=\"1\">\n        <div  class=\"tb_text_wrap\">\n        <h1 align=\"center\">The shape of freedom&#8230;<\/h1>\n<div align=\"center\">\n<div class=\"\" align=\"center\">Nous inventons les engins de glisse les plus intuitifs, pour un ride plus naturel et qui font ressentir les sensations de glisse les plus pures.<br>Nous vous offrons une exp\u00e9rience unique : moins d\u2019efforts et \u00e0 la cl\u00e9 une explosion d\u2019\u00e9motions !<br>Ne plus s\u2019inqui\u00e9ter du bon choix de sa board, si elle sera \u00e0 la hauteur, s\u2019affranchir des conditions de neige, \u00eatre performant et \u00e0 l\u2019aise partout et tout le temps\u2026 Ne faire plus qu\u2019un avec son snowboard jusqu\u2019\u00e0 l\u2019oublier\u2026<\/div>\n<\/div>    <\/div>\n<\/div>\n<!-- \/module text --><!-- module image -->\n<div  class=\"module module-image tb_zghg665 image-center   auto_fullwidth tf_mw hover-wow wow\" data-tf-animation_hover=\"pulse\" data-tf-animation=\"fadeInRight\" data-tf-animation_delay=\"0.7\" data-lazy=\"1\">\n        <div class=\"image-wrap tf_rel tf_mw\">\n            <img loading=\"lazy\" decoding=\"async\" width=\"1325\" height=\"235\" src=\"https:\/\/dupraz-snow.com\/wp-content\/uploads\/2020\/09\/signature-serge-dupraz-black-2.png\" class=\"wp-post-image wp-image-467\" title=\"signature-serge-dupraz-black-2\" alt=\"signature-serge-dupraz-black-2\" srcset=\"https:\/\/dupraz-snow.com\/wp-content\/uploads\/2020\/09\/signature-serge-dupraz-black-2.png 1325w, https:\/\/dupraz-snow.com\/wp-content\/uploads\/2020\/09\/signature-serge-dupraz-black-2-300x53.png 300w, https:\/\/dupraz-snow.com\/wp-content\/uploads\/2020\/09\/signature-serge-dupraz-black-2-600x106.png 600w, https:\/\/dupraz-snow.com\/wp-content\/uploads\/2020\/09\/signature-serge-dupraz-black-2-1024x182.png 1024w, https:\/\/dupraz-snow.com\/wp-content\/uploads\/2020\/09\/signature-serge-dupraz-black-2-768x136.png 768w, https:\/\/dupraz-snow.com\/wp-content\/uploads\/2020\/09\/signature-serge-dupraz-black-2-1024x182-200x35.png 200w\" sizes=\"auto, (max-width: 1325px) 100vw, 1325px\" \/>    \n        <\/div>\n    <!-- \/image-wrap -->\n    \n        <\/div>\n<!-- \/module image -->        <\/div>\n                        <\/div>\n        <\/div>\n                        <div  data-lazy=\"1\" class=\"module_row themify_builder_row tb_hiyz355 tf_w\">\n                        <div class=\"row_inner col_align_top tb_col_count_1 tf_box tf_rel\">\n                        <div  data-lazy=\"1\" class=\"module_column tb-column col-full tb_oelv355 first\">\n                    <!-- module fittext -->\n<div  id=\"tb_kcel356\" class=\"module module-fittext tb_kcel356  wow\" data-tf-animation=\"fadeInUp\" data-tf-animation_delay=\"0.4\" data-lazy=\"1\">\n\t\t\n\t\n\t\t<span class=\"tf_block\" style=\"line-height:100%\">LIVING IN<\/span>\n\n\t\t\n\t<\/div>\n<!-- \/module fittext --><!-- module fittext -->\n<div  id=\"tb_v4ks356\" class=\"module module-fittext tb_v4ks356  wow\" data-tf-animation=\"fadeInUp\" data-tf-animation_delay=\"0.8\" data-lazy=\"1\">\n\t\t\n\t\n\t\t<span class=\"tf_block\" style=\"line-height:100%\">PARADISE<\/span>\n\n\t\t\n\t<\/div>\n<!-- \/module fittext -->        <\/div>\n                        <\/div>\n        <\/div>\n                        <div  data-css_id=\"x69l563\" data-lazy=\"1\" class=\"module_row themify_builder_row fullwidth tb_x69l563 tf_w\">\n                        <div class=\"row_inner col_align_top tb_col_count_1 tf_box tf_rel\">\n                        <div  data-lazy=\"1\" class=\"module_column tb-column col-full tb_m8yn563 first\">\n                    <!-- module text -->\n<div  class=\"module module-text tb_ustm564   \" data-lazy=\"1\">\n        <div  class=\"tb_text_wrap\">\n        <p style=\"text-align: center;\">Nos montagnes et terrains de jeux : CHAMONIX MONT BLANC et toute la diversit\u00e9 du c\u0153ur des Alpes, avec ses stations mythiques \u00e0 port\u00e9e, Fran\u00e7aises Suisses ou Italiennes \u00a0mais avec aussi ses tr\u00e9sors de petites stations familiales \u00e0 proximit\u00e9.<\/p>\n<p style=\"text-align: center;\">Chamonix area, Avoriaz-Morzine\/Portes du Soleil, Flaine\/le Grand Massif, La Clusaz, Meg\u00e8ve\/Espace Diamant, Courmayeur\/Vall\u00e9e d\u2019Aoste, Cervinia, Les 7 Laux, Tignes, Val d\u2019Is\u00e8re\/Espace Killy, La Plagne, Les Arcs, La Rosi\u00e8re, Val Thorens\/Les M\u00e9nuires, M\u00e9ribel, Courchevel, La Grave, Leysin, Les Diablerets, Verbier, Saas Fee, Zermatt, etc.<\/p>\n<p style=\"text-align: center;\">Oui, une r\u00e9gion magistralement b\u00e9nie par les Dieux de la Glisse.<\/p>\n<div style=\"text-align: center;\">\n<p>C\u2019est parce que nous sommes d\u2019ici et vivons ici, et pour tirer le meilleur de toute cette incroyable diversit\u00e9 de terrains de jeux que la D1 a \u00e9t\u00e9 con\u00e7ue. Pour \u00eatre combl\u00e9 de sensations quel que soit le terrain et les conditions&#8230;<\/p>\n<\/div>    <\/div>\n<\/div>\n<!-- \/module text -->        <\/div>\n                        <\/div>\n        <\/div>\n                        <div  data-css_id=\"yxob497\" data-lazy=\"1\" class=\"module_row themify_builder_row fullwidth tb_yxob497 tf_w\">\n                        <div class=\"row_inner col_align_top tb_col_count_1 tf_box tf_rel\">\n                        <div  data-lazy=\"1\" class=\"module_column tb-column col-full tb_evdp497 first\">\n                            <\/div>\n                        <\/div>\n        <\/div>\n                        <div  data-css_id=\"2kjo789\" data-lazy=\"1\" class=\"module_row themify_builder_row fullwidth tb_2kjo789 tf_w\">\n                        <div class=\"row_inner col_align_top tb_col_count_1 tf_box tf_rel\">\n                        <div  data-lazy=\"1\" class=\"module_column tb-column col-full tb_3d5z789 first\">\n                    <!-- module template_part -->\n<div  class=\"module module-layout-part tb_4zh1790 \">\n    <div class=\"tb_layout_part_wrap tf_w\"><!--themify_builder_content-->\n    <div  class=\"themify_builder_content themify_builder_content-41 themify_builder not_editable_builder in_the_loop\" data-postid=\"41\">\n                        <div  data-css_id=\"50o8751\" data-lazy=\"1\" class=\"module_row themify_builder_row fullwidth tb_50o8751 tf_w\">\n                        <div class=\"row_inner col_align_middle gutter-narrow tb_col_count_5 tf_box tf_rel\">\n                        <div  data-lazy=\"1\" class=\"module_column tb-column col5-1 tb_17aa751 first\">\n                    <!-- module image -->\n<div  class=\"module module-image tb_94lx160 image-center   tf_mw\" data-lazy=\"1\">\n        <div class=\"image-wrap tf_rel tf_mw\">\n            <a href=\"https:\/\/dupraz-snow.com\">\n                   <img loading=\"lazy\" decoding=\"async\" src=\"https:\/\/dupraz-snow.com\/wp-content\/uploads\/2020\/09\/dupraz-snow-logo-black-1024x251-200x49.png\" width=\"200\" height=\"49\" class=\"wp-post-image wp-image-32\" title=\"dupraz-snow-logo-black\" alt=\"Logo Dupraz Snow\" srcset=\"https:\/\/dupraz-snow.com\/wp-content\/uploads\/2020\/09\/dupraz-snow-logo-black-1024x251-200x49.png 200w, https:\/\/dupraz-snow.com\/wp-content\/uploads\/2020\/09\/dupraz-snow-logo-black-300x74.png 300w, https:\/\/dupraz-snow.com\/wp-content\/uploads\/2020\/09\/dupraz-snow-logo-black-600x147.png 600w, https:\/\/dupraz-snow.com\/wp-content\/uploads\/2020\/09\/dupraz-snow-logo-black-1024x251.png 1024w, https:\/\/dupraz-snow.com\/wp-content\/uploads\/2020\/09\/dupraz-snow-logo-black-768x188.png 768w, https:\/\/dupraz-snow.com\/wp-content\/uploads\/2020\/09\/dupraz-snow-logo-black-1024x251-150x36.png 150w, https:\/\/dupraz-snow.com\/wp-content\/uploads\/2020\/09\/dupraz-snow-logo-black.png 1040w\" sizes=\"auto, (max-width: 200px) 100vw, 200px\" \/>        <\/a>\n    \n        <\/div>\n    <!-- \/image-wrap -->\n    \n        <\/div>\n<!-- \/module image --><!-- module text -->\n<div  class=\"module module-text tb_g3ey454   \" data-lazy=\"1\">\n        <div  class=\"tb_text_wrap\">\n        <p style=\"text-align: center;\">250 Route des B\u00e8gues<br>74250 Fillinges<br>France<\/p>    <\/div>\n<\/div>\n<!-- \/module text -->        <\/div>\n                    <div  data-lazy=\"1\" class=\"module_column tb-column col5-1 tb_wqko217\">\n                    <!-- module icon -->\n<div  class=\"module module-icon tb_t7bk51    icon_horizontal tf_textc\" data-lazy=\"1\">\n\t\t\t<div class=\"module-icon-item\">\n\t\t\t\t\t\t\t<a href=\"tel:+334%2050%2071%2074%2075\u202c\">\n\t\t\t\t\t\t\t\t\t\t\t\t\t\t\t\t\t<em class=\"tf_boxblue\"\n\t\t\t\t\t\t\t\t\t\t\t\t\t\t\t\t\t><svg  class=\"tf_fa tf-fas-mobile-alt\" xmlns:xlink=\"http:\/\/www.w3.org\/1999\/xlink\" aria-hidden=\"true\"><use href=\"#tf-fas-mobile-alt\" xlink:href=\"#tf-fas-mobile-alt\"><\/use><\/svg><\/em>\n\t\t\t\t\t\t\t\t\t\t\t\t\t\t\t\t<\/a>\n\t\t\t\t\t<\/div>\n\t<\/div>\n<!-- \/module icon -->\n<!-- module text -->\n<div  class=\"module module-text tb_175q986   \" data-lazy=\"1\">\n        <div  class=\"tb_text_wrap\">\n        <p style=\"text-align: center;\"><a href=\"tel:+334 50 71 74 75\u202c\">+33 (0)4 50 71 74 75<\/a><\/p>    <\/div>\n<\/div>\n<!-- \/module text -->        <\/div>\n                    <div  data-lazy=\"1\" class=\"module_column tb-column col5-1 tb_ysz4217\">\n                    <!-- module icon -->\n<div  class=\"module module-icon tb_kw4p867    icon_horizontal \" data-lazy=\"1\">\n\t\t\t<div class=\"module-icon-item\">\n\t\t\t\t\t\t\t<a href=\"https:\/\/www.facebook.com\/duprazsnowboards\" rel=\"noopener\" target=\"_blank\">\n\t\t\t\t\t\t\t\t\t\t\t\t\t\t\t\t\t<em class=\"tf_box\"\n\t\t\t\t\t\t\t\t\t\t\t\t\t\t\t\t\t><svg  class=\"tf_fa tf-ti-facebook\" xmlns:xlink=\"http:\/\/www.w3.org\/1999\/xlink\" aria-hidden=\"true\"><use href=\"#tf-ti-facebook\" xlink:href=\"#tf-ti-facebook\"><\/use><\/svg><\/em>\n\t\t\t\t\t\t\t\t\t\t\t\t\t\t\t\t<\/a>\n\t\t\t\t\t<\/div>\n\t\t\t<div class=\"module-icon-item\">\n\t\t\t\t\t\t\t<a href=\"https:\/\/www.instagram.com\/dupraz_snow\/\" rel=\"noopener\" target=\"_blank\">\n\t\t\t\t\t\t\t\t\t\t\t\t\t\t\t\t\t<em class=\"tf_box\"\n\t\t\t\t\t\t\t\t\t\t\t\t\t\t\t\t\t><svg  class=\"tf_fa tf-ti-instagram\" xmlns:xlink=\"http:\/\/www.w3.org\/1999\/xlink\" aria-hidden=\"true\"><use href=\"#tf-ti-instagram\" xlink:href=\"#tf-ti-instagram\"><\/use><\/svg><\/em>\n\t\t\t\t\t\t\t\t\t\t\t\t\t\t\t\t<\/a>\n\t\t\t\t\t<\/div>\n\t\t\t<div class=\"module-icon-item\">\n\t\t\t\t\t\t\t<a href=\"https:\/\/www.youtube.com\/@DuprazSnowboards\/videos\" target=\"_blank\" rel=\"noopener\">\n\t\t\t\t\t\t\t\t\t\t\t\t\t\t\t\t\t<em class=\"tf_box\"\n\t\t\t\t\t\t\t\t\t\t\t\t\t\t\t\t\t><svg  class=\"tf_fa tf-ti-youtube\" xmlns:xlink=\"http:\/\/www.w3.org\/1999\/xlink\" aria-hidden=\"true\"><use href=\"#tf-ti-youtube\" xlink:href=\"#tf-ti-youtube\"><\/use><\/svg><\/em>\n\t\t\t\t\t\t\t\t\t\t\t\t\t\t\t\t<\/a>\n\t\t\t\t\t<\/div>\n\t<\/div>\n<!-- \/module icon -->\n<!-- module text -->\n<div  class=\"module module-text tb_ns7i531   \" data-lazy=\"1\">\n        <div  class=\"tb_text_wrap\">\n        <p style=\"text-align: center;\">Suivez nous sur les r\u00e9seaux sociaux<\/p>    <\/div>\n<\/div>\n<!-- \/module text -->        <\/div>\n                    <div  data-lazy=\"1\" class=\"module_column tb-column col5-1 tb_zk62353\">\n                    <!-- module menu -->\n<div  class=\"module module-menu tb_5elq616  mobile-menu-slide\" data-menu-style=\"mobile-menu-slide\" data-menu-breakpoint=\"0\" data-element-id=\"tb_5elq616\" data-lazy=\"1\">\n        \n    <div class=\"module-menu-container\"><ul id=\"menu-menu-footer-1\" class=\"ui tf_clearfix nav tf_rel tf_scrollbar vertical transparent\"><li id=\"menu-item-1379\" class=\"menu-item-page-118 menu-item menu-item-type-post_type menu-item-object-page menu-item-1379\"><a href=\"http:\/\/dupraz-snow.com\/en\/contact\/\">Contact<\/a><\/li>\n<li id=\"menu-item-3210\" class=\"menu-item-page-1182 menu-item menu-item-type-post_type menu-item-object-page menu-item-3210\"><a href=\"http:\/\/dupraz-snow.com\/en\/snowboard-product-chooser\/\">Choix snowboards<\/a><\/li>\n<li id=\"menu-item-1398\" class=\"menu-item-page-1034 menu-item menu-item-type-post_type menu-item-object-page menu-item-1398\"><a href=\"http:\/\/dupraz-snow.com\/en\/mountain-workers\/\">Mountain Workers<\/a><\/li>\n<\/ul><\/div>        <style>\n            .mobile-menu-module[data-module=\"tb_5elq616\"]{\n                right:-300px            }\n        <\/style>\n    <\/div>\n<!-- \/module menu -->\n        <\/div>\n                    <div  data-lazy=\"1\" class=\"module_column tb-column col5-1 tb_drfq45 last\">\n                    <!-- module menu -->\n<div  class=\"module module-menu tb_yduh754  mobile-menu-slide\" data-menu-style=\"mobile-menu-slide\" data-menu-breakpoint=\"0\" data-element-id=\"tb_yduh754\" data-lazy=\"1\">\n        \n    <div class=\"module-menu-container\"><ul id=\"menu-menu-footer-2\" class=\"ui tf_clearfix nav tf_rel tf_scrollbar vertical transparent\"><li id=\"menu-item-1391\" class=\"menu-item-page-11 menu-item menu-item-type-post_type menu-item-object-page menu-item-1391\"><a href=\"http:\/\/dupraz-snow.com\/en\/mon-compte\/\">Mon compte<\/a><\/li>\n<li id=\"menu-item-1404\" class=\"menu-item-page-1393 menu-item menu-item-type-post_type menu-item-object-page menu-item-1404\"><a href=\"http:\/\/dupraz-snow.com\/en\/mentions-legales\/\">Mentions l\u00e9gales<\/a><\/li>\n<li id=\"menu-item-1390\" class=\"menu-item-page-1388 menu-item menu-item-type-post_type menu-item-object-page menu-item-1390\"><a href=\"http:\/\/dupraz-snow.com\/en\/conditions-generales-de-vente\/\">C.G.V.<\/a><\/li>\n<li id=\"menu-item-1441\" class=\"menu-item-page-1435 menu-item menu-item-type-post_type menu-item-object-page menu-item-1441\"><a href=\"http:\/\/dupraz-snow.com\/en\/livraison-retours\/\">Livraison et retours<\/a><\/li>\n<li id=\"menu-item-2119\" class=\"menu-item-page-3 menu-item menu-item-type-post_type menu-item-object-page menu-item-privacy-policy menu-item-2119\"><a rel=\"privacy-policy\" href=\"http:\/\/dupraz-snow.com\/en\/cookies\/\">Confidentialit\u00e9<\/a><\/li>\n<\/ul><\/div>        <style>\n            .mobile-menu-module[data-module=\"tb_yduh754\"]{\n                right:-300px            }\n        <\/style>\n    <\/div>\n<!-- \/module menu -->\n        <\/div>\n                        <\/div>\n        <\/div>\n                        <div  data-css_id=\"na8l953\" data-lazy=\"1\" class=\"module_row themify_builder_row fullwidth tb_na8l953 tf_w\">\n                        <div class=\"row_inner col_align_top tb_col_count_1 tf_box tf_rel\">\n                        <div  data-lazy=\"1\" class=\"module_column tb-column col-full tb_2lm1953 first\">\n                    <!-- module text -->\n<div  class=\"module module-text tb_5t06953    hide-mobile\" data-lazy=\"1\">\n        <div  class=\"tb_text_wrap\">\n        <p style=\"text-align: center;\">Copyright<strong> \u00a9 2024 Dupraz Snow<\/strong>\u00a0 &#8211; Tous droits r\u00e9serv\u00e9s &#8211; Site s\u00e9curis\u00e9 protocole SSL &#8211; Paiement par carte bancaire s\u00e9curis\u00e9.<br>Webdesign : <a href=\"https:\/\/www.ddm3.com\/#home\" target=\"_blank\" rel=\"noopener\">DDM3<\/a> &#8211; Hosting : <a href=\"https:\/\/crackerstech.com\" target=\"_blank\" rel=\"noopener\">Cracker&#8217;s Tech<\/a>.<\/p>    <\/div>\n<\/div>\n<!-- \/module text --><!-- module text -->\n<div  class=\"module module-text tb_1ryj406    hide-desktop hide-tablet hide-tablet_landscape\" data-lazy=\"1\">\n        <div  class=\"tb_text_wrap\">\n        <p style=\"text-align: center;\">Copyright \u00a9 <strong>2024 Dupraz Snow<\/strong>\u00a0 &#8211; Tous droits r\u00e9serv\u00e9s &#8211; Site s\u00e9curis\u00e9 protocole SSL &#8211; Paiement par carte bancaire s\u00e9curis\u00e9.<br>Webdesign : <a href=\"https:\/\/www.ddm3.com\/#home\" target=\"_blank\" rel=\"noopener\">DDM3<\/a> &#8211; Hosting : <a href=\"https:\/\/crackerstech.com\" target=\"_blank\" rel=\"noopener\">Cracker&#8217;s Tech<\/a>.<\/p>    <\/div>\n<\/div>\n<!-- \/module text -->        <\/div>\n                        <\/div>\n        <\/div>\n                        <div  data-css_id=\"u66f97\" data-lazy=\"1\" class=\"module_row themify_builder_row fullwidth tb_u66f97 tf_w\">\n                        <div class=\"row_inner col_align_top tb_col_count_1 tf_box tf_rel\">\n                        <div  data-lazy=\"1\" class=\"module_column tb-column col-full tb_v86v97 first\">\n                    <!-- module text -->\n<div  class=\"module module-text tb_4vba199   \" data-lazy=\"1\">\n        <div  class=\"tb_text_wrap\">\n        <p style=\"text-align: center;\">&#8220;Enjoy the ride&#8221;<br \/><br \/><img loading=\"lazy\" decoding=\"async\" class=\"alignnone wp-image-1411\" src=\"https:\/\/dupraz-snow.com\/wp-content\/uploads\/2020\/10\/signature-serge-dupraz-white-small-1.png\" alt=\"Dupraz Snowboard\" width=\"215\" height=\"34\"><\/p>    <\/div>\n<\/div>\n<!-- \/module text -->        <\/div>\n                        <\/div>\n        <\/div>\n            <\/div>\n<!--\/themify_builder_content--><\/div>\n<\/div>\n<!-- \/module template_part -->        <\/div>\n                        <\/div>\n        <\/div>\n        <\/div>\n<!--\/themify_builder_content-->","protected":false},"excerpt":{"rendered":"<p>The shape of freedom&#8230; Nous inventons les engins de glisse les plus intuitifs, pour un ride plus naturel et qui font ressentir les sensations de glisse les plus pures.Nous vous offrons une exp\u00e9rience unique : moins d\u2019efforts et \u00e0 la cl\u00e9 une explosion d\u2019\u00e9motions !Ne plus s\u2019inqui\u00e9ter du bon choix de sa board, si elle [&hellip;]<\/p>\n","protected":false},"author":1,"featured_media":0,"parent":0,"menu_order":0,"comment_status":"closed","ping_status":"closed","template":"","meta":{"_monsterinsights_skip_tracking":false,"_monsterinsights_sitenote_active":false,"_monsterinsights_sitenote_note":"","_monsterinsights_sitenote_category":0,"footnotes":""},"class_list":["post-265","page","type-page","status-publish","hentry","has-post-title","has-post-date","has-post-category","has-post-tag","has-post-comment","has-post-author",""],"builder_content":"<h1 align=\"center\">The shape of freedom...<\/h1>\nNous inventons les engins de glisse les plus intuitifs, pour un ride plus naturel et qui font ressentir les sensations de glisse les plus pures.<br>Nous vous offrons une exp\u00e9rience unique : moins d\u2019efforts et \u00e0 la cl\u00e9 une explosion d\u2019\u00e9motions !<br>Ne plus s\u2019inqui\u00e9ter du bon choix de sa board, si elle sera \u00e0 la hauteur, s\u2019affranchir des conditions de neige, \u00eatre performant et \u00e0 l\u2019aise partout et tout le temps\u2026 Ne faire plus qu\u2019un avec son snowboard jusqu\u2019\u00e0 l\u2019oublier\u2026\n<img src=\"https:\/\/dupraz-snow.com\/wp-content\/uploads\/2020\/09\/signature-serge-dupraz-black-2.png\" title=\"signature-serge-dupraz-black-2\" alt=\"signature-serge-dupraz-black-2\" srcset=\"https:\/\/dupraz-snow.com\/wp-content\/uploads\/2020\/09\/signature-serge-dupraz-black-2.png 1325w, https:\/\/dupraz-snow.com\/wp-content\/uploads\/2020\/09\/signature-serge-dupraz-black-2-300x53.png 300w, https:\/\/dupraz-snow.com\/wp-content\/uploads\/2020\/09\/signature-serge-dupraz-black-2-600x106.png 600w, https:\/\/dupraz-snow.com\/wp-content\/uploads\/2020\/09\/signature-serge-dupraz-black-2-1024x182.png 1024w, https:\/\/dupraz-snow.com\/wp-content\/uploads\/2020\/09\/signature-serge-dupraz-black-2-768x136.png 768w, https:\/\/dupraz-snow.com\/wp-content\/uploads\/2020\/09\/signature-serge-dupraz-black-2-1024x182-200x35.png 200w\" sizes=\"(max-width: 1325px) 100vw, 1325px\" \/>\nLIVING IN\nPARADISE\n<p style=\"text-align: center;\">Nos montagnes et terrains de jeux : CHAMONIX MONT BLANC et toute la diversit\u00e9 du c\u0153ur des Alpes, avec ses stations mythiques \u00e0 port\u00e9e, Fran\u00e7aises Suisses ou Italiennes \u00a0mais avec aussi ses tr\u00e9sors de petites stations familiales \u00e0 proximit\u00e9.<\/p> <p style=\"text-align: center;\">Chamonix area, Avoriaz-Morzine\/Portes du Soleil, Flaine\/le Grand Massif, La Clusaz, Meg\u00e8ve\/Espace Diamant, Courmayeur\/Vall\u00e9e d\u2019Aoste, Cervinia, Les 7 Laux, Tignes, Val d\u2019Is\u00e8re\/Espace Killy, La Plagne, Les Arcs, La Rosi\u00e8re, Val Thorens\/Les M\u00e9nuires, M\u00e9ribel, Courchevel, La Grave, Leysin, Les Diablerets, Verbier, Saas Fee, Zermatt, etc.<\/p> <p style=\"text-align: center;\">Oui, une r\u00e9gion magistralement b\u00e9nie par les Dieux de la Glisse.<\/p>\n<p>C\u2019est parce que nous sommes d\u2019ici et vivons ici, et pour tirer le meilleur de toute cette incroyable diversit\u00e9 de terrains de jeux que la D1 a \u00e9t\u00e9 con\u00e7ue. Pour \u00eatre combl\u00e9 de sensations quel que soit le terrain et les conditions...<\/p>","_links":{"self":[{"href":"http:\/\/dupraz-snow.com\/en\/wp-json\/wp\/v2\/pages\/265","targetHints":{"allow":["GET"]}}],"collection":[{"href":"http:\/\/dupraz-snow.com\/en\/wp-json\/wp\/v2\/pages"}],"about":[{"href":"http:\/\/dupraz-snow.com\/en\/wp-json\/wp\/v2\/types\/page"}],"author":[{"embeddable":true,"href":"http:\/\/dupraz-snow.com\/en\/wp-json\/wp\/v2\/users\/1"}],"replies":[{"embeddable":true,"href":"http:\/\/dupraz-snow.com\/en\/wp-json\/wp\/v2\/comments?post=265"}],"version-history":[{"count":2,"href":"http:\/\/dupraz-snow.com\/en\/wp-json\/wp\/v2\/pages\/265\/revisions"}],"predecessor-version":[{"id":6511,"href":"http:\/\/dupraz-snow.com\/en\/wp-json\/wp\/v2\/pages\/265\/revisions\/6511"}],"wp:attachment":[{"href":"http:\/\/dupraz-snow.com\/en\/wp-json\/wp\/v2\/media?parent=265"}],"curies":[{"name":"wp","href":"https:\/\/api.w.org\/{rel}","templated":true}]}}