{"id":1393,"date":"2020-10-11T09:05:56","date_gmt":"2020-10-11T07:05:56","guid":{"rendered":"https:\/\/dupraz-snow.com\/?page_id=1393"},"modified":"2025-05-20T16:40:37","modified_gmt":"2025-05-20T14:40:37","slug":"mentions-legales","status":"publish","type":"page","link":"http:\/\/dupraz-snow.com\/en\/mentions-legales\/","title":{"rendered":"Legal information"},"content":{"rendered":"<!--themify_builder_content-->\n<div id=\"themify_builder_content-1393\" data-postid=\"1393\" class=\"themify_builder_content themify_builder_content-1393 themify_builder tf_clear\">\n                    <div  data-css_id=\"v4qc122\" data-lazy=\"1\" class=\"module_row themify_builder_row fullwidth_row_container tb_v4qc122 tb_first tf_w\">\n                        <div class=\"row_inner col_align_top tb_col_count_1 tf_box tf_rel\">\n                        <div  data-lazy=\"1\" class=\"module_column tb-column col-full tb_uiyb123 first\">\n                    <!-- module text -->\n<div  class=\"module module-text tb_rdf8386\" data-lazy=\"1\">\n        <div  class=\"tb_text_wrap\">\n        <h3>Legal information<\/h3>\n<p><br><span style=\"font-weight: bold;\">Coordonn\u00e9es du si\u00e8ge social :<br><\/span>Dupraz Sports SARL<br>250, Route des B\u00e8gues<br>74250 Fillinges<br>France M\u00e9tropolitaine<\/p>\n<p><strong>T\u00e9l\u00e9phone :<\/strong><br>04 50 71 74 75<br>Depuis l&#8217;\u00e9tranger : +33 4 50 71 74 75<\/p>\n<p><strong>Mail de contact :<\/strong><br>contact @ dupraz-snow.com<\/p>\n<p><strong>Informations l\u00e9gales de l\u2019entreprise :<\/strong><br>Soci\u00e9t\u00e9 \u00e0 responsabilit\u00e9 limit\u00e9e au capital de 7 500 Euros.<br>Enregistr\u00e9e le 01\/12\/2003 au RCS de Thonon sous le N\u00b0B 450 896 485<br>SIRET : 45089648500031 &#8211; SIREN 450896485 &#8211; Code APE 9329Z<br>Intra-community VAT: FR23450896485<\/p>\n<p><strong>Webmaster :<\/strong><br>DDM3<br>11 Bellevue Road<br>73100 Aix les Bains &#8211; FR<br>Contact : <a href=\"https:\/\/www.ddm3.com\/\" target=\"_blank\" rel=\"noopener\">www.ddm3.com<\/a><\/p>\n<p><strong>R\u00e9f\u00e9rencement SEO :<br><\/strong><span style=\"color: #333333;\"><a style=\"color: #333333;\" href=\"https:\/\/crackerstech.com\/\" target=\"_blank\" rel=\"noopener\">Cracker&#8217;s Tech SARL\/S<\/a>.<\/span><\/p>\n<p><strong>H\u00e9bergeur :<\/strong><br><span style=\"color: #000000;\"><span style=\"color: #333333;\"><a style=\"color: #333333;\" href=\"https:\/\/crackerstech.com\/\" target=\"_blank\" rel=\"noopener\">Cracker&#8217;s Tech SARL\/S<\/a>.<\/span><br><\/span>DII &#8211;\u00a0 D\u00e9partement Infrastructure Informatique<br>Si\u00e8ge social : M\u00fchlenweg 68 \u2013 L-2155 Gaasperech L\u00ebtzebuerg \u2013 Luxembourg.<br>Pour en savoir plus sur l\u2019emplacement et le traitement des donn\u00e9es : <a href=\"https:\/\/crackerstech.com\/nos-services\/hebergement-cloud\/nos-datacenters\/\" target=\"_blank\" rel=\"noopener\">Nos centres de donn\u00e9es<\/a>.<\/p>\n<p><strong>Photo credits :<br><\/strong>Sebastien Anex - Atis Erics - Andonie Elpede - Jean-Marc Favre - Fabien Lamborot - Quentin Lerouey - Chris Bowers - Damien Deschamps - Josh Nisbet - David Andr\u00e9 - Tristan Schu - Ryan Pappas - Fabien Debout - Boris Ligier - Nicolas Rosset - Th\u00e9o Grisey - Maszewski Andr\u00e9\u00a0<\/p>    <\/div>\n<\/div>\n<!-- \/module text -->        <\/div>\n                        <\/div>\n        <\/div>\n        <\/div>\n<!--\/themify_builder_content-->","protected":false},"excerpt":{"rendered":"<p>Mentions l\u00e9gales Coordonn\u00e9es du si\u00e8ge social :Dupraz Sports SARL250, Route des B\u00e8gues74250 FillingesFrance M\u00e9tropolitaine T\u00e9l\u00e9phone :04 50 71 74 75Depuis l&#8217;\u00e9tranger : +33 4 50 71 74 75 Mail de contact :contact @ dupraz-snow.com Informations l\u00e9gales de l\u2019entreprise :Soci\u00e9t\u00e9 \u00e0 responsabilit\u00e9 limit\u00e9e au capital de 7 500 Euros.Enregistr\u00e9e le 01\/12\/2003 au RCS de Thonon sous [&hellip;]<\/p>\n","protected":false},"author":1,"featured_media":0,"parent":0,"menu_order":0,"comment_status":"closed","ping_status":"closed","template":"","meta":{"_monsterinsights_skip_tracking":false,"_monsterinsights_sitenote_active":false,"_monsterinsights_sitenote_note":"","_monsterinsights_sitenote_category":0,"footnotes":""},"class_list":["post-1393","page","type-page","status-publish","hentry","has-post-title","has-post-date","has-post-category","has-post-tag","has-post-comment","has-post-author",""],"builder_content":"<h3>Mentions l\u00e9gales<\/h3> <p><br>Coordonn\u00e9es du si\u00e8ge social :<br>Dupraz Sports SARL<br>250, Route des B\u00e8gues<br>74250 Fillinges<br>France M\u00e9tropolitaine<\/p> <p><strong>T\u00e9l\u00e9phone :<\/strong><br>04 50 71 74 75<br>Depuis l'\u00e9tranger : +33 4 50 71 74 75<\/p> <p><strong>Mail de contact :<\/strong><br>contact @ dupraz-snow.com<\/p> <p><strong>Informations l\u00e9gales de l\u2019entreprise :<\/strong><br>Soci\u00e9t\u00e9 \u00e0 responsabilit\u00e9 limit\u00e9e au capital de 7 500 Euros.<br>Enregistr\u00e9e le 01\/12\/2003 au RCS de Thonon sous le N\u00b0B 450 896 485<br>SIRET : 45089648500031 - SIREN 450896485 - Code APE 9329Z<br>TVA intracommunautaire : FR23450896485<\/p> <p><strong>Webmaster :<\/strong><br>DDM3<br>11, chemin de Bellevue<br>73100 Aix les Bains - FR<br>Contact : <a href=\"https:\/\/www.ddm3.com\/\">www.ddm3.com<\/a><\/p> <p><strong>R\u00e9f\u00e9rencement SEO :<br><\/strong><a style=\"color: #333333;\" href=\"https:\/\/crackerstech.com\/\">Cracker's Tech SARL\/S<\/a>.<\/p> <p><strong>H\u00e9bergeur :<\/strong><br><a style=\"color: #333333;\" href=\"https:\/\/crackerstech.com\/\">Cracker's Tech SARL\/S<\/a>.<br>DII -\u00a0 D\u00e9partement Infrastructure Informatique<br>Si\u00e8ge social : M\u00fchlenweg 68 \u2013 L-2155 Gaasperech L\u00ebtzebuerg \u2013 Luxembourg.<br>Pour en savoir plus sur l\u2019emplacement et le traitement des donn\u00e9es : <a href=\"https:\/\/crackerstech.com\/nos-services\/hebergement-cloud\/nos-datacenters\/\">Nos centres de donn\u00e9es<\/a>.<\/p> <p><strong>Cr\u00e9dits photos :<br><\/strong>Sebastien Anex - Atis Erics - Andonie Elpede - Jean-Marc Favre - Fabien Lamborot - Quentin Lerouey - Chris Bowers - Damien Deschamps - Josh Nisbet - David Andr\u00e9 - Tristan Schu - Ryan Pappas - Fabien Debout - Boris Ligier - Nicolas Rosset - Th\u00e9o Grisey - Maszewski Andr\u00e9\u00a0<\/p>","_links":{"self":[{"href":"http:\/\/dupraz-snow.com\/en\/wp-json\/wp\/v2\/pages\/1393","targetHints":{"allow":["GET"]}}],"collection":[{"href":"http:\/\/dupraz-snow.com\/en\/wp-json\/wp\/v2\/pages"}],"about":[{"href":"http:\/\/dupraz-snow.com\/en\/wp-json\/wp\/v2\/types\/page"}],"author":[{"embeddable":true,"href":"http:\/\/dupraz-snow.com\/en\/wp-json\/wp\/v2\/users\/1"}],"replies":[{"embeddable":true,"href":"http:\/\/dupraz-snow.com\/en\/wp-json\/wp\/v2\/comments?post=1393"}],"version-history":[{"count":9,"href":"http:\/\/dupraz-snow.com\/en\/wp-json\/wp\/v2\/pages\/1393\/revisions"}],"predecessor-version":[{"id":8122,"href":"http:\/\/dupraz-snow.com\/en\/wp-json\/wp\/v2\/pages\/1393\/revisions\/8122"}],"wp:attachment":[{"href":"http:\/\/dupraz-snow.com\/en\/wp-json\/wp\/v2\/media?parent=1393"}],"curies":[{"name":"wp","href":"https:\/\/api.w.org\/{rel}","templated":true}]}}